{"id":4733,"date":"2022-04-08T08:12:05","date_gmt":"2022-04-08T08:12:05","guid":{"rendered":"https:\/\/uasolucions.com\/notification-de-detergents-et-de-produits-associes-sur-le-portail-des-centres-de-toxicologie-de-lue\/"},"modified":"2024-05-09T09:54:35","modified_gmt":"2024-05-09T09:54:35","slug":"notification-de-detergents-et-de-produits-associes-sur-le-portail-des-centres-de-toxicologie-de-lue","status":"publish","type":"page","link":"https:\/\/uasolucions.com\/fr\/notification-de-detergents-et-de-produits-associes-sur-le-portail-des-centres-de-toxicologie-de-lue\/","title":{"rendered":"Notification de D\u00e9tergents et de produits associ\u00e9s sur le portail des Centres de Toxicologie de l&rsquo;UE."},"content":{"rendered":"<p>[et_pb_section fb_built=\u00a0\u00bb1&Prime; _builder_version=\u00a0\u00bb4.13.1&Prime; _module_preset=\u00a0\u00bbdefault\u00a0\u00bb use_background_color_gradient=\u00a0\u00bbon\u00a0\u00bb background_color_gradient_start=\u00a0\u00bb#084960&Prime; background_color_gradient_end=\u00a0\u00bbrgba(117,221,217,0)\u00a0\u00bb background_color_gradient_direction=\u00a0\u00bb56deg\u00a0\u00bb background_color_gradient_end_position=\u00a0\u00bb60%\u00a0\u00bb background_image=\u00a0\u00bbhttps:\/\/uasolucions.com\/wp-content\/uploads\/2024\/05\/serv_ind7701999.webp\u00a0\u00bb background_blend=\u00a0\u00bbmultiply\u00a0\u00bb custom_margin=\u00a0\u00bb160px|100px||100px|false|true\u00a0\u00bb custom_margin_tablet=\u00a0\u00bb80px|0px||0px|false|true\u00a0\u00bb custom_margin_phone=\u00a0\u00bb80px||||false|false\u00a0\u00bb custom_margin_last_edited=\u00a0\u00bbon|phone\u00a0\u00bb custom_padding=\u00a0\u00bb0px||0px||true|false\u00a0\u00bb hover_enabled=\u00a0\u00bb0&Prime; global_colors_info=\u00a0\u00bb{}\u00a0\u00bb alt=\u00a0\u00bbConform\u00e9ment au d\u00e9cret royal 770\/1999, les d\u00e9tergents, les produits de nettoyage, les agents de blanchiment, les d\u00e9sodorisants et autres produits chimiques doivent \u00eatre communiqu\u00e9s avant leur mise sur le march\u00e9 au Service d\u2019Information Toxicologique de l\u2019Institut de Toxicologie.\u00a0\u00bb title_text=\u00a0\u00bbserv_ind7701999&Prime; sticky_enabled=\u00a0\u00bb0&Prime;][et_pb_row use_custom_gutter=\u00a0\u00bbon\u00a0\u00bb gutter_width=\u00a0\u00bb1&Prime; make_equal=\u00a0\u00bbon\u00a0\u00bb _builder_version=\u00a0\u00bb4.13.1&Prime; _module_preset=\u00a0\u00bbdefault\u00a0\u00bb width=\u00a0\u00bb100%\u00a0\u00bb max_width=\u00a0\u00bb90%\u00a0\u00bb module_alignment=\u00a0\u00bbcenter\u00a0\u00bb height=\u00a0\u00bb500px\u00a0\u00bb height_tablet=\u00a0\u00bb400px\u00a0\u00bb height_phone=\u00a0\u00bb300px\u00a0\u00bb height_last_edited=\u00a0\u00bbon|desktop\u00a0\u00bb custom_padding=\u00a0\u00bb0px||0px||true|false\u00a0\u00bb custom_css_main_element=\u00a0\u00bbalign-items:center;\u00a0\u00bb global_colors_info=\u00a0\u00bb{}\u00a0\u00bb custom_css_main_element_last_edited=\u00a0\u00bbon|desktop\u00a0\u00bb custom_css_main_element_tablet=\u00a0\u00bbalign-items:center;\u00a0\u00bb custom_css_main_element_phone=\u00a0\u00bbalign-items:center;\u00a0\u00bb][et_pb_column type=\u00a0\u00bb4_4&Prime; _builder_version=\u00a0\u00bb4.13.1&Prime; _module_preset=\u00a0\u00bbdefault\u00a0\u00bb global_colors_info=\u00a0\u00bb{}\u00a0\u00bb][et_pb_blurb title=\u00a0\u00bbServices\u00a0\u00bb image_icon_background_color=\u00a0\u00bbRGBA(0,0,0,0)\u00a0\u00bb image=\u00a0\u00bbhttps:\/\/uasolucions.com\/wp-content\/uploads\/2021\/12\/heade-smbl-biocidas.png\u00a0\u00bb image_icon_width=\u00a0\u00bb80%\u00a0\u00bb icon_alignment=\u00a0\u00bbleft\u00a0\u00bb content_max_width=\u00a0\u00bb100%\u00a0\u00bb image_icon_width_tablet=\u00a0\u00bb80%\u00a0\u00bb image_icon_width_phone=\u00a0\u00bb70%\u00a0\u00bb image_icon_width_last_edited=\u00a0\u00bbon|tablet\u00a0\u00bb _builder_version=\u00a0\u00bb4.13.1&Prime; _module_preset=\u00a0\u00bbdefault\u00a0\u00bb header_font=\u00a0\u00bbSilka Light||||||||\u00a0\u00bb header_text_color=\u00a0\u00bb#FFFFFF\u00a0\u00bb header_font_size=\u00a0\u00bb25px\u00a0\u00bb body_font=\u00a0\u00bbSilka Light||||||||\u00a0\u00bb body_text_color=\u00a0\u00bb#A2EAD4&Prime; body_font_size=\u00a0\u00bb45px\u00a0\u00bb body_line_height=\u00a0\u00bb1em\u00a0\u00bb image_icon_custom_margin=\u00a0\u00bb||||false|false\u00a0\u00bb image_icon_custom_margin_tablet=\u00a0\u00bb||||false|false\u00a0\u00bb image_icon_custom_margin_phone=\u00a0\u00bb||||false|false\u00a0\u00bb image_icon_custom_margin_last_edited=\u00a0\u00bbon|desktop\u00a0\u00bb image_icon_custom_padding=\u00a0\u00bb||140px||false|false\u00a0\u00bb image_icon_custom_padding_tablet=\u00a0\u00bb||76px||false|false\u00a0\u00bb image_icon_custom_padding_phone=\u00a0\u00bb||30px||false|false\u00a0\u00bb image_icon_custom_padding_last_edited=\u00a0\u00bbon|phone\u00a0\u00bb module_alignment=\u00a0\u00bbleft\u00a0\u00bb custom_margin=\u00a0\u00bb20px||20px||true|false\u00a0\u00bb custom_margin_tablet=\u00a0\u00bb20px||20px||true|false\u00a0\u00bb custom_margin_phone=\u00a0\u00bb20px||20px||true|false\u00a0\u00bb custom_margin_last_edited=\u00a0\u00bbon|phone\u00a0\u00bb header_font_size_tablet=\u00a0\u00bb20px\u00a0\u00bb header_font_size_phone=\u00a0\u00bb20px\u00a0\u00bb header_font_size_last_edited=\u00a0\u00bbon|desktop\u00a0\u00bb body_font_size_tablet=\u00a0\u00bb30px\u00a0\u00bb body_font_size_phone=\u00a0\u00bb30px\u00a0\u00bb body_font_size_last_edited=\u00a0\u00bbon|desktop\u00a0\u00bb global_colors_info=\u00a0\u00bb{}\u00a0\u00bb]<\/p>\n<p>Industrie chimique<br \/>et de d\u00e9tergent<\/p>\n<p>[\/et_pb_blurb][\/et_pb_column][\/et_pb_row][\/et_pb_section][et_pb_section fb_built=\u00a0\u00bb1&Prime; custom_padding_last_edited=\u00a0\u00bbon|phone\u00a0\u00bb _builder_version=\u00a0\u00bb4.13.1&Prime; _module_preset=\u00a0\u00bbdefault\u00a0\u00bb custom_padding=\u00a0\u00bb100px||100px||true|false\u00a0\u00bb custom_padding_tablet=\u00a0\u00bb40px||20px||false|false\u00a0\u00bb custom_padding_phone=\u00a0\u00bb20px||10px||false|false\u00a0\u00bb global_colors_info=\u00a0\u00bb{}\u00a0\u00bb][et_pb_row use_custom_gutter=\u00a0\u00bbon\u00a0\u00bb make_equal=\u00a0\u00bbon\u00a0\u00bb _builder_version=\u00a0\u00bb4.13.1&Prime; _module_preset=\u00a0\u00bbdefault\u00a0\u00bb max_width=\u00a0\u00bb1440px\u00a0\u00bb custom_padding=\u00a0\u00bb0px||0px||true|false\u00a0\u00bb global_colors_info=\u00a0\u00bb{}\u00a0\u00bb][et_pb_column type=\u00a0\u00bb4_4&Prime; _builder_version=\u00a0\u00bb4.13.1&Prime; _module_preset=\u00a0\u00bbdefault\u00a0\u00bb global_colors_info=\u00a0\u00bb{}\u00a0\u00bb][et_pb_text _builder_version=\u00a0\u00bb4.13.1&Prime; _dynamic_attributes=\u00a0\u00bbcontent\u00a0\u00bb _module_preset=\u00a0\u00bbdefault\u00a0\u00bb text_font=\u00a0\u00bbSilka Light||||||||\u00a0\u00bb text_font_size=\u00a0\u00bb30px\u00a0\u00bb text_line_height=\u00a0\u00bb1.2em\u00a0\u00bb text_font_tablet=\u00a0\u00bbSilka Regular||||||||\u00a0\u00bb text_font_phone=\u00a0\u00bbSilka Regular||||||||\u00a0\u00bb text_font_last_edited=\u00a0\u00bbon|tablet\u00a0\u00bb text_font_size_tablet=\u00a0\u00bb22px\u00a0\u00bb text_font_size_phone=\u00a0\u00bb16px\u00a0\u00bb text_font_size_last_edited=\u00a0\u00bbon|tablet\u00a0\u00bb text_line_height_tablet=\u00a0\u00bb1.1em\u00a0\u00bb text_line_height_phone=\u00a0\u00bb1.2em\u00a0\u00bb text_line_height_last_edited=\u00a0\u00bbon|phone\u00a0\u00bb global_colors_info=\u00a0\u00bb{}\u00a0\u00bb]@ET-DC@eyJkeW5hbWljIjp0cnVlLCJjb250ZW50IjoicG9zdF90aXRsZSIsInNldHRpbmdzIjp7ImJlZm9yZSI6IiIsImFmdGVyIjoiIn19@[\/et_pb_text][et_pb_text _builder_version=\u00a0\u00bb4.13.1&Prime; _module_preset=\u00a0\u00bbdefault\u00a0\u00bb text_font=\u00a0\u00bbSilka Light||||||||\u00a0\u00bb text_text_color=\u00a0\u00bb#084960&Prime; text_font_size=\u00a0\u00bb18px\u00a0\u00bb text_font_size_tablet=\u00a0\u00bb16px\u00a0\u00bb text_font_size_phone=\u00a0\u00bb14px\u00a0\u00bb text_font_size_last_edited=\u00a0\u00bbon|desktop\u00a0\u00bb global_colors_info=\u00a0\u00bb{}\u00a0\u00bb]<\/p>\n<p>Conform\u00e9ment au d\u00e9cret royal 770\/1999, les d\u00e9tergents, les produits de nettoyage, les agents de blanchiment, les d\u00e9sodorisants et autres produits chimiques doivent \u00eatre communiqu\u00e9s avant leur mise sur le march\u00e9 au Service d&rsquo;Information Toxicologique de l&rsquo;Institut de Toxicologie.<\/p>\n<p>[\/et_pb_text][\/et_pb_column][\/et_pb_row][\/et_pb_section]<\/p>\n","protected":false},"excerpt":{"rendered":"<p>Industrie chimiqueet de d\u00e9tergentConform\u00e9ment au d\u00e9cret royal 770\/1999, les d\u00e9tergents, les produits de nettoyage, les agents de blanchiment, les d\u00e9sodorisants et autres produits chimiques doivent \u00eatre communiqu\u00e9s avant leur mise sur le march\u00e9 au Service d&rsquo;Information Toxicologique de l&rsquo;Institut de Toxicologie.<\/p>\n","protected":false},"author":31,"featured_media":0,"parent":0,"menu_order":0,"comment_status":"closed","ping_status":"closed","template":"","meta":{"_et_pb_use_builder":"on","_et_pb_old_content":"","_et_gb_content_width":"","footnotes":""},"class_list":["post-4733","page","type-page","status-publish","hentry"],"yoast_head":"<!-- This site is optimized with the Yoast SEO plugin v27.3 - https:\/\/yoast.com\/product\/yoast-seo-wordpress\/ -->\n<title>Notification toxicologique (PCN) des produits d\u00e9tergents.<\/title>\n<meta name=\"description\" content=\"Notification au Centre de Toxicologie europ\u00e9en des produits d\u00e9tergents.\" \/>\n<meta name=\"robots\" content=\"index, follow, max-snippet:-1, max-image-preview:large, max-video-preview:-1\" \/>\n<link rel=\"canonical\" href=\"https:\/\/uasolucions.com\/fr\/notification-de-detergents-et-de-produits-associes-sur-le-portail-des-centres-de-toxicologie-de-lue\/\" \/>\n<meta property=\"og:locale\" content=\"fr_FR\" \/>\n<meta property=\"og:type\" content=\"article\" \/>\n<meta property=\"og:title\" content=\"Notification toxicologique (PCN) des produits d\u00e9tergents.\" \/>\n<meta property=\"og:description\" content=\"Notification au Centre de Toxicologie europ\u00e9en des produits d\u00e9tergents.\" \/>\n<meta property=\"og:url\" content=\"https:\/\/uasolucions.com\/fr\/notification-de-detergents-et-de-produits-associes-sur-le-portail-des-centres-de-toxicologie-de-lue\/\" \/>\n<meta property=\"og:site_name\" content=\"uasolucions\" \/>\n<meta property=\"article:modified_time\" content=\"2024-05-09T09:54:35+00:00\" \/>\n<meta property=\"og:image\" content=\"https:\/\/uasolucions.com\/wp-content\/uploads\/2021\/12\/logo_uasolution.png\" \/>\n\t<meta property=\"og:image:width\" content=\"600\" \/>\n\t<meta property=\"og:image:height\" content=\"141\" \/>\n\t<meta property=\"og:image:type\" content=\"image\/png\" \/>\n<meta name=\"twitter:card\" content=\"summary_large_image\" \/>\n<meta name=\"twitter:label1\" content=\"Dur\u00e9e de lecture estim\u00e9e\" \/>\n\t<meta name=\"twitter:data1\" content=\"1 minute\" \/>\n<script type=\"application\/ld+json\" class=\"yoast-schema-graph\">{\"@context\":\"https:\\\/\\\/schema.org\",\"@graph\":[{\"@type\":\"WebPage\",\"@id\":\"https:\\\/\\\/uasolucions.com\\\/fr\\\/notification-de-detergents-et-de-produits-associes-sur-le-portail-des-centres-de-toxicologie-de-lue\\\/\",\"url\":\"https:\\\/\\\/uasolucions.com\\\/fr\\\/notification-de-detergents-et-de-produits-associes-sur-le-portail-des-centres-de-toxicologie-de-lue\\\/\",\"name\":\"Notification toxicologique (PCN) des produits d\u00e9tergents.\",\"isPartOf\":{\"@id\":\"https:\\\/\\\/uasolucions.com\\\/fr\\\/#website\"},\"datePublished\":\"2022-04-08T08:12:05+00:00\",\"dateModified\":\"2024-05-09T09:54:35+00:00\",\"description\":\"Notification au Centre de Toxicologie europ\u00e9en des produits d\u00e9tergents.\",\"breadcrumb\":{\"@id\":\"https:\\\/\\\/uasolucions.com\\\/fr\\\/notification-de-detergents-et-de-produits-associes-sur-le-portail-des-centres-de-toxicologie-de-lue\\\/#breadcrumb\"},\"inLanguage\":\"fr-FR\",\"potentialAction\":[{\"@type\":\"ReadAction\",\"target\":[\"https:\\\/\\\/uasolucions.com\\\/fr\\\/notification-de-detergents-et-de-produits-associes-sur-le-portail-des-centres-de-toxicologie-de-lue\\\/\"]}]},{\"@type\":\"BreadcrumbList\",\"@id\":\"https:\\\/\\\/uasolucions.com\\\/fr\\\/notification-de-detergents-et-de-produits-associes-sur-le-portail-des-centres-de-toxicologie-de-lue\\\/#breadcrumb\",\"itemListElement\":[{\"@type\":\"ListItem\",\"position\":1,\"name\":\"Inici\",\"item\":\"https:\\\/\\\/uasolucions.com\\\/fr\\\/\"},{\"@type\":\"ListItem\",\"position\":2,\"name\":\"Notification de D\u00e9tergents et de produits associ\u00e9s sur le portail des Centres de Toxicologie de l&#8217;UE.\"}]},{\"@type\":\"WebSite\",\"@id\":\"https:\\\/\\\/uasolucions.com\\\/fr\\\/#website\",\"url\":\"https:\\\/\\\/uasolucions.com\\\/fr\\\/\",\"name\":\"UA Solucions\",\"description\":\"biocides, medical devices, biocida, producto sanitario, registro, cosm\u00e9tico, cosm\u00e9tic, cosmetic, producte sanitari, productes qu\u00edmics, chemical products, productos qu\u00edmicos, registro, licencia, antis\u00e9ptico, antis\u00e8ptic, hand sanitiser, Spain, Portugal, Espa\u00f1a, Portugal, Espanya, Uni\u00f3 Europea, European Union, Uni\u00f3n Europea\",\"publisher\":{\"@id\":\"https:\\\/\\\/uasolucions.com\\\/fr\\\/#organization\"},\"potentialAction\":[{\"@type\":\"SearchAction\",\"target\":{\"@type\":\"EntryPoint\",\"urlTemplate\":\"https:\\\/\\\/uasolucions.com\\\/fr\\\/?s={search_term_string}\"},\"query-input\":{\"@type\":\"PropertyValueSpecification\",\"valueRequired\":true,\"valueName\":\"search_term_string\"}}],\"inLanguage\":\"fr-FR\"},{\"@type\":\"Organization\",\"@id\":\"https:\\\/\\\/uasolucions.com\\\/fr\\\/#organization\",\"name\":\"Urd\u00ed-Sol\u00e9 & Associats, S.L.\",\"url\":\"https:\\\/\\\/uasolucions.com\\\/fr\\\/\",\"logo\":{\"@type\":\"ImageObject\",\"inLanguage\":\"fr-FR\",\"@id\":\"https:\\\/\\\/uasolucions.com\\\/fr\\\/#\\\/schema\\\/logo\\\/image\\\/\",\"url\":\"https:\\\/\\\/uasolucions.com\\\/wp-content\\\/uploads\\\/2022\\\/03\\\/Isotip-UA.jpg\",\"contentUrl\":\"https:\\\/\\\/uasolucions.com\\\/wp-content\\\/uploads\\\/2022\\\/03\\\/Isotip-UA.jpg\",\"width\":119,\"height\":127,\"caption\":\"Urd\u00ed-Sol\u00e9 & Associats, S.L.\"},\"image\":{\"@id\":\"https:\\\/\\\/uasolucions.com\\\/fr\\\/#\\\/schema\\\/logo\\\/image\\\/\"}}]}<\/script>\n<!-- \/ Yoast SEO plugin. -->","yoast_head_json":{"title":"Notification toxicologique (PCN) des produits d\u00e9tergents.","description":"Notification au Centre de Toxicologie europ\u00e9en des produits d\u00e9tergents.","robots":{"index":"index","follow":"follow","max-snippet":"max-snippet:-1","max-image-preview":"max-image-preview:large","max-video-preview":"max-video-preview:-1"},"canonical":"https:\/\/uasolucions.com\/fr\/notification-de-detergents-et-de-produits-associes-sur-le-portail-des-centres-de-toxicologie-de-lue\/","og_locale":"fr_FR","og_type":"article","og_title":"Notification toxicologique (PCN) des produits d\u00e9tergents.","og_description":"Notification au Centre de Toxicologie europ\u00e9en des produits d\u00e9tergents.","og_url":"https:\/\/uasolucions.com\/fr\/notification-de-detergents-et-de-produits-associes-sur-le-portail-des-centres-de-toxicologie-de-lue\/","og_site_name":"uasolucions","article_modified_time":"2024-05-09T09:54:35+00:00","og_image":[{"width":600,"height":141,"url":"https:\/\/uasolucions.com\/wp-content\/uploads\/2021\/12\/logo_uasolution.png","type":"image\/png"}],"twitter_card":"summary_large_image","twitter_misc":{"Dur\u00e9e de lecture estim\u00e9e":"1 minute"},"schema":{"@context":"https:\/\/schema.org","@graph":[{"@type":"WebPage","@id":"https:\/\/uasolucions.com\/fr\/notification-de-detergents-et-de-produits-associes-sur-le-portail-des-centres-de-toxicologie-de-lue\/","url":"https:\/\/uasolucions.com\/fr\/notification-de-detergents-et-de-produits-associes-sur-le-portail-des-centres-de-toxicologie-de-lue\/","name":"Notification toxicologique (PCN) des produits d\u00e9tergents.","isPartOf":{"@id":"https:\/\/uasolucions.com\/fr\/#website"},"datePublished":"2022-04-08T08:12:05+00:00","dateModified":"2024-05-09T09:54:35+00:00","description":"Notification au Centre de Toxicologie europ\u00e9en des produits d\u00e9tergents.","breadcrumb":{"@id":"https:\/\/uasolucions.com\/fr\/notification-de-detergents-et-de-produits-associes-sur-le-portail-des-centres-de-toxicologie-de-lue\/#breadcrumb"},"inLanguage":"fr-FR","potentialAction":[{"@type":"ReadAction","target":["https:\/\/uasolucions.com\/fr\/notification-de-detergents-et-de-produits-associes-sur-le-portail-des-centres-de-toxicologie-de-lue\/"]}]},{"@type":"BreadcrumbList","@id":"https:\/\/uasolucions.com\/fr\/notification-de-detergents-et-de-produits-associes-sur-le-portail-des-centres-de-toxicologie-de-lue\/#breadcrumb","itemListElement":[{"@type":"ListItem","position":1,"name":"Inici","item":"https:\/\/uasolucions.com\/fr\/"},{"@type":"ListItem","position":2,"name":"Notification de D\u00e9tergents et de produits associ\u00e9s sur le portail des Centres de Toxicologie de l&#8217;UE."}]},{"@type":"WebSite","@id":"https:\/\/uasolucions.com\/fr\/#website","url":"https:\/\/uasolucions.com\/fr\/","name":"UA Solucions","description":"biocides, medical devices, biocida, producto sanitario, registro, cosm\u00e9tico, cosm\u00e9tic, cosmetic, producte sanitari, productes qu\u00edmics, chemical products, productos qu\u00edmicos, registro, licencia, antis\u00e9ptico, antis\u00e8ptic, hand sanitiser, Spain, Portugal, Espa\u00f1a, Portugal, Espanya, Uni\u00f3 Europea, European Union, Uni\u00f3n Europea","publisher":{"@id":"https:\/\/uasolucions.com\/fr\/#organization"},"potentialAction":[{"@type":"SearchAction","target":{"@type":"EntryPoint","urlTemplate":"https:\/\/uasolucions.com\/fr\/?s={search_term_string}"},"query-input":{"@type":"PropertyValueSpecification","valueRequired":true,"valueName":"search_term_string"}}],"inLanguage":"fr-FR"},{"@type":"Organization","@id":"https:\/\/uasolucions.com\/fr\/#organization","name":"Urd\u00ed-Sol\u00e9 & Associats, S.L.","url":"https:\/\/uasolucions.com\/fr\/","logo":{"@type":"ImageObject","inLanguage":"fr-FR","@id":"https:\/\/uasolucions.com\/fr\/#\/schema\/logo\/image\/","url":"https:\/\/uasolucions.com\/wp-content\/uploads\/2022\/03\/Isotip-UA.jpg","contentUrl":"https:\/\/uasolucions.com\/wp-content\/uploads\/2022\/03\/Isotip-UA.jpg","width":119,"height":127,"caption":"Urd\u00ed-Sol\u00e9 & Associats, S.L."},"image":{"@id":"https:\/\/uasolucions.com\/fr\/#\/schema\/logo\/image\/"}}]}},"_links":{"self":[{"href":"https:\/\/uasolucions.com\/fr\/wp-json\/wp\/v2\/pages\/4733","targetHints":{"allow":["GET"]}}],"collection":[{"href":"https:\/\/uasolucions.com\/fr\/wp-json\/wp\/v2\/pages"}],"about":[{"href":"https:\/\/uasolucions.com\/fr\/wp-json\/wp\/v2\/types\/page"}],"author":[{"embeddable":true,"href":"https:\/\/uasolucions.com\/fr\/wp-json\/wp\/v2\/users\/31"}],"replies":[{"embeddable":true,"href":"https:\/\/uasolucions.com\/fr\/wp-json\/wp\/v2\/comments?post=4733"}],"version-history":[{"count":12,"href":"https:\/\/uasolucions.com\/fr\/wp-json\/wp\/v2\/pages\/4733\/revisions"}],"predecessor-version":[{"id":7579,"href":"https:\/\/uasolucions.com\/fr\/wp-json\/wp\/v2\/pages\/4733\/revisions\/7579"}],"wp:attachment":[{"href":"https:\/\/uasolucions.com\/fr\/wp-json\/wp\/v2\/media?parent=4733"}],"curies":[{"name":"wp","href":"https:\/\/api.w.org\/{rel}","templated":true}]}}