{"id":4727,"date":"2022-04-08T08:01:22","date_gmt":"2022-04-08T08:01:22","guid":{"rendered":"https:\/\/uasolucions.com\/registre-de-produits-desinfectants-dans-le-domaine-clinique\/"},"modified":"2024-05-09T09:26:46","modified_gmt":"2024-05-09T09:26:46","slug":"registre-de-produits-desinfectants-dans-le-domaine-clinique","status":"publish","type":"page","link":"https:\/\/uasolucions.com\/fr\/services\/industrie-biocides\/registre-de-produits-desinfectants-dans-le-domaine-clinique\/","title":{"rendered":"Registre de Produits D\u00e9sinfectants dans le Domaine Clinique."},"content":{"rendered":"<p>[et_pb_section fb_built=\u00a0\u00bb1&Prime; _builder_version=\u00a0\u00bb4.13.1&Prime; _module_preset=\u00a0\u00bbdefault\u00a0\u00bb use_background_color_gradient=\u00a0\u00bbon\u00a0\u00bb background_color_gradient_start=\u00a0\u00bb#084960&Prime; background_color_gradient_end=\u00a0\u00bbrgba(117,221,217,0)\u00a0\u00bb background_color_gradient_direction=\u00a0\u00bb56deg\u00a0\u00bb background_color_gradient_end_position=\u00a0\u00bb60%\u00a0\u00bb background_image=\u00a0\u00bbhttps:\/\/uasolucions.com\/wp-content\/uploads\/2024\/05\/serv_biodesinfectantsAEMPS.webp\u00a0\u00bb background_blend=\u00a0\u00bbmultiply\u00a0\u00bb custom_margin=\u00a0\u00bb160px|100px||100px|false|true\u00a0\u00bb custom_margin_tablet=\u00a0\u00bb80px|0px||0px|false|true\u00a0\u00bb custom_margin_phone=\u00a0\u00bb80px||||false|false\u00a0\u00bb custom_margin_last_edited=\u00a0\u00bbon|phone\u00a0\u00bb custom_padding=\u00a0\u00bb0px||0px||true|false\u00a0\u00bb hover_enabled=\u00a0\u00bb0&Prime; global_colors_info=\u00a0\u00bb{}\u00a0\u00bb alt=\u00a0\u00bbPendant la p\u00e9riode transitoire d\u2019application du R\u00e8glement 528\/2012, les produits biocides d\u00e9sinfectants cliniques doivent \u00eatre enregistr\u00e9s aupr\u00e8s de ll\u2019Agence Espagnole du M\u00e9dicament et des Dispositifs M\u00e9dicaux\u00a0\u00bb title_text=\u00a0\u00bbserv_biodesinfectantsAEMPS\u00a0\u00bb sticky_enabled=\u00a0\u00bb0&Prime;][et_pb_row use_custom_gutter=\u00a0\u00bbon\u00a0\u00bb gutter_width=\u00a0\u00bb1&Prime; make_equal=\u00a0\u00bbon\u00a0\u00bb _builder_version=\u00a0\u00bb4.13.1&Prime; _module_preset=\u00a0\u00bbdefault\u00a0\u00bb width=\u00a0\u00bb100%\u00a0\u00bb max_width=\u00a0\u00bb90%\u00a0\u00bb module_alignment=\u00a0\u00bbcenter\u00a0\u00bb height=\u00a0\u00bb500px\u00a0\u00bb height_tablet=\u00a0\u00bb400px\u00a0\u00bb height_phone=\u00a0\u00bb300px\u00a0\u00bb height_last_edited=\u00a0\u00bbon|desktop\u00a0\u00bb custom_padding=\u00a0\u00bb0px||0px||true|false\u00a0\u00bb custom_css_main_element=\u00a0\u00bbalign-items:center;\u00a0\u00bb global_colors_info=\u00a0\u00bb{}\u00a0\u00bb custom_css_main_element_last_edited=\u00a0\u00bbon|desktop\u00a0\u00bb custom_css_main_element_tablet=\u00a0\u00bbalign-items:center;\u00a0\u00bb custom_css_main_element_phone=\u00a0\u00bbalign-items:center;\u00a0\u00bb][et_pb_column type=\u00a0\u00bb4_4&Prime; _builder_version=\u00a0\u00bb4.13.1&Prime; _module_preset=\u00a0\u00bbdefault\u00a0\u00bb global_colors_info=\u00a0\u00bb{}\u00a0\u00bb][et_pb_blurb title=\u00a0\u00bbServices\u00a0\u00bb image_icon_background_color=\u00a0\u00bbRGBA(0,0,0,0)\u00a0\u00bb image=\u00a0\u00bbhttps:\/\/uasolucions.com\/wp-content\/uploads\/2021\/12\/heade-smbl-biocidas.png\u00a0\u00bb image_icon_width=\u00a0\u00bb80%\u00a0\u00bb icon_alignment=\u00a0\u00bbleft\u00a0\u00bb content_max_width=\u00a0\u00bb100%\u00a0\u00bb image_icon_width_tablet=\u00a0\u00bb80%\u00a0\u00bb image_icon_width_phone=\u00a0\u00bb70%\u00a0\u00bb image_icon_width_last_edited=\u00a0\u00bbon|tablet\u00a0\u00bb _builder_version=\u00a0\u00bb4.13.1&Prime; _module_preset=\u00a0\u00bbdefault\u00a0\u00bb header_font=\u00a0\u00bbSilka Light||||||||\u00a0\u00bb header_text_color=\u00a0\u00bb#FFFFFF\u00a0\u00bb header_font_size=\u00a0\u00bb25px\u00a0\u00bb body_font=\u00a0\u00bbSilka Light||||||||\u00a0\u00bb body_text_color=\u00a0\u00bb#A2EAD4&Prime; body_font_size=\u00a0\u00bb45px\u00a0\u00bb body_line_height=\u00a0\u00bb1em\u00a0\u00bb image_icon_custom_margin=\u00a0\u00bb||||false|false\u00a0\u00bb image_icon_custom_margin_tablet=\u00a0\u00bb||||false|false\u00a0\u00bb image_icon_custom_margin_phone=\u00a0\u00bb||||false|false\u00a0\u00bb image_icon_custom_margin_last_edited=\u00a0\u00bbon|desktop\u00a0\u00bb image_icon_custom_padding=\u00a0\u00bb||140px||false|false\u00a0\u00bb image_icon_custom_padding_tablet=\u00a0\u00bb||76px||false|false\u00a0\u00bb image_icon_custom_padding_phone=\u00a0\u00bb||30px||false|false\u00a0\u00bb image_icon_custom_padding_last_edited=\u00a0\u00bbon|phone\u00a0\u00bb module_alignment=\u00a0\u00bbleft\u00a0\u00bb custom_margin=\u00a0\u00bb20px||20px||true|false\u00a0\u00bb custom_margin_tablet=\u00a0\u00bb20px||20px||true|false\u00a0\u00bb custom_margin_phone=\u00a0\u00bb20px||20px||true|false\u00a0\u00bb custom_margin_last_edited=\u00a0\u00bbon|phone\u00a0\u00bb header_font_size_tablet=\u00a0\u00bb20px\u00a0\u00bb header_font_size_phone=\u00a0\u00bb20px\u00a0\u00bb header_font_size_last_edited=\u00a0\u00bbon|desktop\u00a0\u00bb body_font_size_tablet=\u00a0\u00bb30px\u00a0\u00bb body_font_size_phone=\u00a0\u00bb30px\u00a0\u00bb body_font_size_last_edited=\u00a0\u00bbon|desktop\u00a0\u00bb global_colors_info=\u00a0\u00bb{}\u00a0\u00bb]Industrie<br \/>\nbiocides<br \/>\n[\/et_pb_blurb][\/et_pb_column][\/et_pb_row][\/et_pb_section][et_pb_section fb_built=\u00a0\u00bb1&Prime; custom_padding_last_edited=\u00a0\u00bbon|phone\u00a0\u00bb _builder_version=\u00a0\u00bb4.13.1&Prime; _module_preset=\u00a0\u00bbdefault\u00a0\u00bb custom_padding=\u00a0\u00bb100px||100px||true|false\u00a0\u00bb custom_padding_tablet=\u00a0\u00bb40px||20px||false|false\u00a0\u00bb custom_padding_phone=\u00a0\u00bb20px||10px||false|false\u00a0\u00bb global_colors_info=\u00a0\u00bb{}\u00a0\u00bb][et_pb_row use_custom_gutter=\u00a0\u00bbon\u00a0\u00bb make_equal=\u00a0\u00bbon\u00a0\u00bb _builder_version=\u00a0\u00bb4.13.1&Prime; _module_preset=\u00a0\u00bbdefault\u00a0\u00bb max_width=\u00a0\u00bb1440px\u00a0\u00bb custom_padding=\u00a0\u00bb0px||0px||true|false\u00a0\u00bb global_colors_info=\u00a0\u00bb{}\u00a0\u00bb][et_pb_column type=\u00a0\u00bb4_4&Prime; _builder_version=\u00a0\u00bb4.13.1&Prime; _module_preset=\u00a0\u00bbdefault\u00a0\u00bb global_colors_info=\u00a0\u00bb{}\u00a0\u00bb][et_pb_text _builder_version=\u00a0\u00bb4.13.1&Prime; _dynamic_attributes=\u00a0\u00bbcontent\u00a0\u00bb _module_preset=\u00a0\u00bbdefault\u00a0\u00bb text_font=\u00a0\u00bbSilka Light||||||||\u00a0\u00bb text_font_size=\u00a0\u00bb30px\u00a0\u00bb text_line_height=\u00a0\u00bb1.2em\u00a0\u00bb text_font_tablet=\u00a0\u00bbSilka Regular||||||||\u00a0\u00bb text_font_phone=\u00a0\u00bbSilka Regular||||||||\u00a0\u00bb text_font_last_edited=\u00a0\u00bbon|tablet\u00a0\u00bb text_font_size_tablet=\u00a0\u00bb22px\u00a0\u00bb text_font_size_phone=\u00a0\u00bb16px\u00a0\u00bb text_font_size_last_edited=\u00a0\u00bbon|tablet\u00a0\u00bb text_line_height_tablet=\u00a0\u00bb1.1em\u00a0\u00bb text_line_height_phone=\u00a0\u00bb1.2em\u00a0\u00bb text_line_height_last_edited=\u00a0\u00bbon|phone\u00a0\u00bb global_colors_info=\u00a0\u00bb{}\u00a0\u00bb]@ET-DC@eyJkeW5hbWljIjp0cnVlLCJjb250ZW50IjoicG9zdF90aXRsZSIsInNldHRpbmdzIjp7ImJlZm9yZSI6IiIsImFmdGVyIjoiIn19@[\/et_pb_text][et_pb_text _builder_version=\u00a0\u00bb4.13.1&Prime; _module_preset=\u00a0\u00bbdefault\u00a0\u00bb text_font=\u00a0\u00bbSilka Light||||||||\u00a0\u00bb text_text_color=\u00a0\u00bb#084960&Prime; text_font_size=\u00a0\u00bb18px\u00a0\u00bb text_font_size_tablet=\u00a0\u00bb16px\u00a0\u00bb text_font_size_phone=\u00a0\u00bb14px\u00a0\u00bb text_font_size_last_edited=\u00a0\u00bbon|desktop\u00a0\u00bb global_colors_info=\u00a0\u00bb{}\u00a0\u00bb]<\/p>\n<p>Pendant la p\u00e9riode transitoire d&rsquo;application du R\u00e8glement 528\/2012, les produits biocides d\u00e9sinfectants cliniques doivent \u00eatre enregistr\u00e9s aupr\u00e8s de ll&rsquo;Agence Espagnole du M\u00e9dicament et des Dispositifs M\u00e9dicaux (AEMPS).\u00a0<\/p>\n<p>Une fois l&rsquo;autorisation de mise sur le march\u00e9 obtenue, le directeur technique doit superviser la fabrication et la commercialisation correctes des produits d\u00e9sinfectants cliniques, devant proc\u00e9der personnellement \u00e0 la lib\u00e9ration de chacun des lots mis en vente sur le march\u00e9 espagnol.<\/p>\n<p>[\/et_pb_text][\/et_pb_column][\/et_pb_row][\/et_pb_section]<\/p>\n","protected":false},"excerpt":{"rendered":"<p>Industrie biocides Pendant la p\u00e9riode transitoire d&rsquo;application du R\u00e8glement 528\/2012, les produits biocides d\u00e9sinfectants cliniques doivent \u00eatre enregistr\u00e9s aupr\u00e8s de ll&rsquo;Agence Espagnole du M\u00e9dicament et des Dispositifs M\u00e9dicaux (AEMPS).\u00a0 Une fois l&rsquo;autorisation de mise sur le march\u00e9 obtenue, le directeur technique doit superviser la fabrication et la commercialisation correctes des produits d\u00e9sinfectants cliniques, devant proc\u00e9der [&hellip;]<\/p>\n","protected":false},"author":31,"featured_media":0,"parent":3729,"menu_order":0,"comment_status":"closed","ping_status":"closed","template":"","meta":{"_et_pb_use_builder":"on","_et_pb_old_content":"","_et_gb_content_width":"","footnotes":""},"class_list":["post-4727","page","type-page","status-publish","hentry"],"yoast_head":"<!-- This site is optimized with the Yoast SEO plugin v27.4 - https:\/\/yoast.com\/product\/yoast-seo-wordpress\/ -->\n<title>Registre des d\u00e9sinfectants cliniques (h\u00f4pital)<\/title>\n<meta name=\"description\" content=\"Registre des d\u00e9sinfectants dans le domaine clinique (h\u00f4pitaux) aupr\u00e8s de l&#039;Agence Espagnole du M\u00e9dicament.\" \/>\n<meta name=\"robots\" content=\"index, follow, max-snippet:-1, max-image-preview:large, max-video-preview:-1\" \/>\n<link rel=\"canonical\" href=\"https:\/\/uasolucions.com\/fr\/services\/industrie-biocides\/registre-de-produits-desinfectants-dans-le-domaine-clinique\/\" \/>\n<meta property=\"og:locale\" content=\"fr_FR\" \/>\n<meta property=\"og:type\" content=\"article\" \/>\n<meta property=\"og:title\" content=\"Registre des d\u00e9sinfectants cliniques (h\u00f4pital)\" \/>\n<meta property=\"og:description\" content=\"Registre des d\u00e9sinfectants dans le domaine clinique (h\u00f4pitaux) aupr\u00e8s de l&#039;Agence Espagnole du M\u00e9dicament.\" \/>\n<meta property=\"og:url\" content=\"https:\/\/uasolucions.com\/fr\/services\/industrie-biocides\/registre-de-produits-desinfectants-dans-le-domaine-clinique\/\" \/>\n<meta property=\"og:site_name\" content=\"uasolucions\" \/>\n<meta property=\"article:modified_time\" content=\"2024-05-09T09:26:46+00:00\" \/>\n<meta property=\"og:image\" content=\"https:\/\/uasolucions.com\/wp-content\/uploads\/2021\/12\/logo_uasolution.png\" \/>\n\t<meta property=\"og:image:width\" content=\"600\" \/>\n\t<meta property=\"og:image:height\" content=\"141\" \/>\n\t<meta property=\"og:image:type\" content=\"image\/png\" \/>\n<meta name=\"twitter:card\" content=\"summary_large_image\" \/>\n<meta name=\"twitter:label1\" content=\"Dur\u00e9e de lecture estim\u00e9e\" \/>\n\t<meta name=\"twitter:data1\" content=\"2 minutes\" \/>\n<script type=\"application\/ld+json\" class=\"yoast-schema-graph\">{\"@context\":\"https:\\\/\\\/schema.org\",\"@graph\":[{\"@type\":\"WebPage\",\"@id\":\"https:\\\/\\\/uasolucions.com\\\/fr\\\/services\\\/industrie-biocides\\\/registre-de-produits-desinfectants-dans-le-domaine-clinique\\\/\",\"url\":\"https:\\\/\\\/uasolucions.com\\\/fr\\\/services\\\/industrie-biocides\\\/registre-de-produits-desinfectants-dans-le-domaine-clinique\\\/\",\"name\":\"Registre des d\u00e9sinfectants cliniques (h\u00f4pital)\",\"isPartOf\":{\"@id\":\"https:\\\/\\\/uasolucions.com\\\/fr\\\/#website\"},\"datePublished\":\"2022-04-08T08:01:22+00:00\",\"dateModified\":\"2024-05-09T09:26:46+00:00\",\"description\":\"Registre des d\u00e9sinfectants dans le domaine clinique (h\u00f4pitaux) aupr\u00e8s de l'Agence Espagnole du M\u00e9dicament.\",\"breadcrumb\":{\"@id\":\"https:\\\/\\\/uasolucions.com\\\/fr\\\/services\\\/industrie-biocides\\\/registre-de-produits-desinfectants-dans-le-domaine-clinique\\\/#breadcrumb\"},\"inLanguage\":\"fr-FR\",\"potentialAction\":[{\"@type\":\"ReadAction\",\"target\":[\"https:\\\/\\\/uasolucions.com\\\/fr\\\/services\\\/industrie-biocides\\\/registre-de-produits-desinfectants-dans-le-domaine-clinique\\\/\"]}]},{\"@type\":\"BreadcrumbList\",\"@id\":\"https:\\\/\\\/uasolucions.com\\\/fr\\\/services\\\/industrie-biocides\\\/registre-de-produits-desinfectants-dans-le-domaine-clinique\\\/#breadcrumb\",\"itemListElement\":[{\"@type\":\"ListItem\",\"position\":1,\"name\":\"Inici\",\"item\":\"https:\\\/\\\/uasolucions.com\\\/fr\\\/\"},{\"@type\":\"ListItem\",\"position\":2,\"name\":\"Services\",\"item\":\"https:\\\/\\\/uasolucions.com\\\/fr\\\/services\\\/\"},{\"@type\":\"ListItem\",\"position\":3,\"name\":\"Industrie biocides\",\"item\":\"https:\\\/\\\/uasolucions.com\\\/fr\\\/services\\\/industrie-biocides\\\/\"},{\"@type\":\"ListItem\",\"position\":4,\"name\":\"Registre de Produits D\u00e9sinfectants dans le Domaine Clinique.\"}]},{\"@type\":\"WebSite\",\"@id\":\"https:\\\/\\\/uasolucions.com\\\/fr\\\/#website\",\"url\":\"https:\\\/\\\/uasolucions.com\\\/fr\\\/\",\"name\":\"UA Solucions\",\"description\":\"biocides, medical devices, biocida, producto sanitario, registro, cosm\u00e9tico, cosm\u00e9tic, cosmetic, producte sanitari, productes qu\u00edmics, chemical products, productos qu\u00edmicos, registro, licencia, antis\u00e9ptico, antis\u00e8ptic, hand sanitiser, Spain, Portugal, Espa\u00f1a, Portugal, Espanya, Uni\u00f3 Europea, European Union, Uni\u00f3n Europea\",\"publisher\":{\"@id\":\"https:\\\/\\\/uasolucions.com\\\/fr\\\/#organization\"},\"potentialAction\":[{\"@type\":\"SearchAction\",\"target\":{\"@type\":\"EntryPoint\",\"urlTemplate\":\"https:\\\/\\\/uasolucions.com\\\/fr\\\/?s={search_term_string}\"},\"query-input\":{\"@type\":\"PropertyValueSpecification\",\"valueRequired\":true,\"valueName\":\"search_term_string\"}}],\"inLanguage\":\"fr-FR\"},{\"@type\":\"Organization\",\"@id\":\"https:\\\/\\\/uasolucions.com\\\/fr\\\/#organization\",\"name\":\"Urd\u00ed-Sol\u00e9 & Associats, S.L.\",\"url\":\"https:\\\/\\\/uasolucions.com\\\/fr\\\/\",\"logo\":{\"@type\":\"ImageObject\",\"inLanguage\":\"fr-FR\",\"@id\":\"https:\\\/\\\/uasolucions.com\\\/fr\\\/#\\\/schema\\\/logo\\\/image\\\/\",\"url\":\"https:\\\/\\\/uasolucions.com\\\/wp-content\\\/uploads\\\/2022\\\/03\\\/Isotip-UA.jpg\",\"contentUrl\":\"https:\\\/\\\/uasolucions.com\\\/wp-content\\\/uploads\\\/2022\\\/03\\\/Isotip-UA.jpg\",\"width\":119,\"height\":127,\"caption\":\"Urd\u00ed-Sol\u00e9 & Associats, S.L.\"},\"image\":{\"@id\":\"https:\\\/\\\/uasolucions.com\\\/fr\\\/#\\\/schema\\\/logo\\\/image\\\/\"}}]}<\/script>\n<!-- \/ Yoast SEO plugin. -->","yoast_head_json":{"title":"Registre des d\u00e9sinfectants cliniques (h\u00f4pital)","description":"Registre des d\u00e9sinfectants dans le domaine clinique (h\u00f4pitaux) aupr\u00e8s de l'Agence Espagnole du M\u00e9dicament.","robots":{"index":"index","follow":"follow","max-snippet":"max-snippet:-1","max-image-preview":"max-image-preview:large","max-video-preview":"max-video-preview:-1"},"canonical":"https:\/\/uasolucions.com\/fr\/services\/industrie-biocides\/registre-de-produits-desinfectants-dans-le-domaine-clinique\/","og_locale":"fr_FR","og_type":"article","og_title":"Registre des d\u00e9sinfectants cliniques (h\u00f4pital)","og_description":"Registre des d\u00e9sinfectants dans le domaine clinique (h\u00f4pitaux) aupr\u00e8s de l'Agence Espagnole du M\u00e9dicament.","og_url":"https:\/\/uasolucions.com\/fr\/services\/industrie-biocides\/registre-de-produits-desinfectants-dans-le-domaine-clinique\/","og_site_name":"uasolucions","article_modified_time":"2024-05-09T09:26:46+00:00","og_image":[{"width":600,"height":141,"url":"https:\/\/uasolucions.com\/wp-content\/uploads\/2021\/12\/logo_uasolution.png","type":"image\/png"}],"twitter_card":"summary_large_image","twitter_misc":{"Dur\u00e9e de lecture estim\u00e9e":"2 minutes"},"schema":{"@context":"https:\/\/schema.org","@graph":[{"@type":"WebPage","@id":"https:\/\/uasolucions.com\/fr\/services\/industrie-biocides\/registre-de-produits-desinfectants-dans-le-domaine-clinique\/","url":"https:\/\/uasolucions.com\/fr\/services\/industrie-biocides\/registre-de-produits-desinfectants-dans-le-domaine-clinique\/","name":"Registre des d\u00e9sinfectants cliniques (h\u00f4pital)","isPartOf":{"@id":"https:\/\/uasolucions.com\/fr\/#website"},"datePublished":"2022-04-08T08:01:22+00:00","dateModified":"2024-05-09T09:26:46+00:00","description":"Registre des d\u00e9sinfectants dans le domaine clinique (h\u00f4pitaux) aupr\u00e8s de l'Agence Espagnole du M\u00e9dicament.","breadcrumb":{"@id":"https:\/\/uasolucions.com\/fr\/services\/industrie-biocides\/registre-de-produits-desinfectants-dans-le-domaine-clinique\/#breadcrumb"},"inLanguage":"fr-FR","potentialAction":[{"@type":"ReadAction","target":["https:\/\/uasolucions.com\/fr\/services\/industrie-biocides\/registre-de-produits-desinfectants-dans-le-domaine-clinique\/"]}]},{"@type":"BreadcrumbList","@id":"https:\/\/uasolucions.com\/fr\/services\/industrie-biocides\/registre-de-produits-desinfectants-dans-le-domaine-clinique\/#breadcrumb","itemListElement":[{"@type":"ListItem","position":1,"name":"Inici","item":"https:\/\/uasolucions.com\/fr\/"},{"@type":"ListItem","position":2,"name":"Services","item":"https:\/\/uasolucions.com\/fr\/services\/"},{"@type":"ListItem","position":3,"name":"Industrie biocides","item":"https:\/\/uasolucions.com\/fr\/services\/industrie-biocides\/"},{"@type":"ListItem","position":4,"name":"Registre de Produits D\u00e9sinfectants dans le Domaine Clinique."}]},{"@type":"WebSite","@id":"https:\/\/uasolucions.com\/fr\/#website","url":"https:\/\/uasolucions.com\/fr\/","name":"UA Solucions","description":"biocides, medical devices, biocida, producto sanitario, registro, cosm\u00e9tico, cosm\u00e9tic, cosmetic, producte sanitari, productes qu\u00edmics, chemical products, productos qu\u00edmicos, registro, licencia, antis\u00e9ptico, antis\u00e8ptic, hand sanitiser, Spain, Portugal, Espa\u00f1a, Portugal, Espanya, Uni\u00f3 Europea, European Union, Uni\u00f3n Europea","publisher":{"@id":"https:\/\/uasolucions.com\/fr\/#organization"},"potentialAction":[{"@type":"SearchAction","target":{"@type":"EntryPoint","urlTemplate":"https:\/\/uasolucions.com\/fr\/?s={search_term_string}"},"query-input":{"@type":"PropertyValueSpecification","valueRequired":true,"valueName":"search_term_string"}}],"inLanguage":"fr-FR"},{"@type":"Organization","@id":"https:\/\/uasolucions.com\/fr\/#organization","name":"Urd\u00ed-Sol\u00e9 & Associats, S.L.","url":"https:\/\/uasolucions.com\/fr\/","logo":{"@type":"ImageObject","inLanguage":"fr-FR","@id":"https:\/\/uasolucions.com\/fr\/#\/schema\/logo\/image\/","url":"https:\/\/uasolucions.com\/wp-content\/uploads\/2022\/03\/Isotip-UA.jpg","contentUrl":"https:\/\/uasolucions.com\/wp-content\/uploads\/2022\/03\/Isotip-UA.jpg","width":119,"height":127,"caption":"Urd\u00ed-Sol\u00e9 & Associats, S.L."},"image":{"@id":"https:\/\/uasolucions.com\/fr\/#\/schema\/logo\/image\/"}}]}},"_links":{"self":[{"href":"https:\/\/uasolucions.com\/fr\/wp-json\/wp\/v2\/pages\/4727","targetHints":{"allow":["GET"]}}],"collection":[{"href":"https:\/\/uasolucions.com\/fr\/wp-json\/wp\/v2\/pages"}],"about":[{"href":"https:\/\/uasolucions.com\/fr\/wp-json\/wp\/v2\/types\/page"}],"author":[{"embeddable":true,"href":"https:\/\/uasolucions.com\/fr\/wp-json\/wp\/v2\/users\/31"}],"replies":[{"embeddable":true,"href":"https:\/\/uasolucions.com\/fr\/wp-json\/wp\/v2\/comments?post=4727"}],"version-history":[{"count":19,"href":"https:\/\/uasolucions.com\/fr\/wp-json\/wp\/v2\/pages\/4727\/revisions"}],"predecessor-version":[{"id":7554,"href":"https:\/\/uasolucions.com\/fr\/wp-json\/wp\/v2\/pages\/4727\/revisions\/7554"}],"up":[{"embeddable":true,"href":"https:\/\/uasolucions.com\/fr\/wp-json\/wp\/v2\/pages\/3729"}],"wp:attachment":[{"href":"https:\/\/uasolucions.com\/fr\/wp-json\/wp\/v2\/media?parent=4727"}],"curies":[{"name":"wp","href":"https:\/\/api.w.org\/{rel}","templated":true}]}}