{"id":4130,"date":"2022-01-17T16:59:48","date_gmt":"2022-01-17T16:59:48","guid":{"rendered":"https:\/\/uasolucions.com\/registro-de-productos-dieteticos-productos-alimentarios-destinados-a-una-alimentacion-especial\/"},"modified":"2024-05-07T08:05:21","modified_gmt":"2024-05-07T08:05:21","slug":"registro-de-productos-dieteticos-productos-alimentarios-destinados-a-una-alimentacion-especial","status":"publish","type":"page","link":"https:\/\/uasolucions.com\/es\/servicios\/agroalimentarios\/industria-alimentaria\/registro-de-productos-dieteticos-productos-alimentarios-destinados-a-una-alimentacion-especial\/","title":{"rendered":"Registro de productos diet\u00e9ticos o productos alimenticios destinados a una alimentaci\u00f3n especial."},"content":{"rendered":"<p>[et_pb_section fb_built=\u00bb1&#8243; disabled_on=\u00bbon|on|on\u00bb _builder_version=\u00bb4.13.1&#8243; _module_preset=\u00bbdefault\u00bb use_background_color_gradient=\u00bbon\u00bb background_color_gradient_start=\u00bb#084960&#8243; background_color_gradient_end=\u00bbrgba(117,221,217,0)\u00bb background_color_gradient_direction=\u00bb56deg\u00bb background_color_gradient_end_position=\u00bb60%\u00bb background_image=\u00bbhttps:\/\/uasolucions.com\/wp-content\/uploads\/2022\/11\/serv_zoosanitas.webp\u00bb background_blend=\u00bbmultiply\u00bb custom_margin=\u00bb160px|100px||100px|false|true\u00bb custom_margin_tablet=\u00bb80px|0px||0px|false|true\u00bb custom_margin_phone=\u00bb80px||||false|false\u00bb custom_margin_last_edited=\u00bbon|tablet\u00bb custom_padding=\u00bb0px||0px||true|false\u00bb disabled=\u00bbon\u00bb locked=\u00bboff\u00bb global_colors_info=\u00bb{}\u00bb][et_pb_row use_custom_gutter=\u00bbon\u00bb gutter_width=\u00bb1&#8243; make_equal=\u00bbon\u00bb _builder_version=\u00bb4.13.1&#8243; _module_preset=\u00bbdefault\u00bb width=\u00bb90%\u00bb max_width=\u00bb1440px\u00bb module_alignment=\u00bbcenter\u00bb height=\u00bb500px\u00bb height_tablet=\u00bb400px\u00bb height_phone=\u00bb300px\u00bb height_last_edited=\u00bbon|desktop\u00bb custom_padding=\u00bb0px||0px||true|false\u00bb custom_css_main_element=\u00bbalign-items:center;\u00bb global_colors_info=\u00bb{}\u00bb custom_css_main_element_last_edited=\u00bbon|desktop\u00bb custom_css_main_element_tablet=\u00bbalign-items:center;\u00bb custom_css_main_element_phone=\u00bbalign-items:center;\u00bb][et_pb_column type=\u00bb4_4&#8243; _builder_version=\u00bb4.13.1&#8243; _module_preset=\u00bbdefault\u00bb global_colors_info=\u00bb{}\u00bb][et_pb_blurb title=\u00bbServicios > Agroalimentarios\u00bb image_icon_background_color=\u00bbRGBA(0,0,0,0)\u00bb image=\u00bbhttps:\/\/uasolucions.com\/wp-content\/uploads\/2021\/12\/heade-smbl-agroalim-satins.png\u00bb image_icon_width=\u00bb80%\u00bb icon_alignment=\u00bbleft\u00bb content_max_width=\u00bb100%\u00bb image_icon_width_tablet=\u00bb80%\u00bb image_icon_width_phone=\u00bb70%\u00bb image_icon_width_last_edited=\u00bbon|tablet\u00bb _builder_version=\u00bb4.13.1&#8243; _module_preset=\u00bbdefault\u00bb header_font=\u00bbSilka Light||||||||\u00bb header_text_color=\u00bb#FFFFFF\u00bb header_font_size=\u00bb25px\u00bb body_font=\u00bbSilka Light||||||||\u00bb body_text_color=\u00bb#A2EAD4&#8243; body_font_size=\u00bb45px\u00bb body_line_height=\u00bb1em\u00bb image_icon_custom_margin=\u00bb||||false|false\u00bb image_icon_custom_margin_tablet=\u00bb||||false|false\u00bb image_icon_custom_margin_phone=\u00bb||||false|false\u00bb image_icon_custom_margin_last_edited=\u00bbon|desktop\u00bb image_icon_custom_padding=\u00bb||140px||false|false\u00bb image_icon_custom_padding_tablet=\u00bb||76px||false|false\u00bb image_icon_custom_padding_phone=\u00bb||30px||false|false\u00bb image_icon_custom_padding_last_edited=\u00bbon|phone\u00bb module_alignment=\u00bbleft\u00bb custom_margin=\u00bb20px||20px||true|false\u00bb custom_margin_tablet=\u00bb20px||20px||true|false\u00bb custom_margin_phone=\u00bb20px||20px||true|false\u00bb custom_margin_last_edited=\u00bbon|phone\u00bb header_font_size_tablet=\u00bb20px\u00bb header_font_size_phone=\u00bb20px\u00bb header_font_size_last_edited=\u00bbon|desktop\u00bb body_font_size_tablet=\u00bb30px\u00bb body_font_size_phone=\u00bb22px\u00bb body_font_size_last_edited=\u00bbon|desktop\u00bb global_colors_info=\u00bb{}\u00bb title__hover_enabled=\u00bboff|desktop\u00bb]<\/p>\n<p>Industria<br \/>alimentaria<\/p>\n<p>[\/et_pb_blurb][\/et_pb_column][\/et_pb_row][\/et_pb_section][et_pb_section fb_built=\u00bb1&#8243; admin_label=\u00bbcap\u00e7alera\u00bb _builder_version=\u00bb4.13.1&#8243; _module_preset=\u00bbdefault\u00bb use_background_color_gradient=\u00bbon\u00bb background_color_gradient_start=\u00bb#084960&#8243; background_color_gradient_end=\u00bbrgba(117,221,217,0)\u00bb background_color_gradient_direction=\u00bb56deg\u00bb background_color_gradient_end_position=\u00bb60%\u00bb background_image=\u00bbhttps:\/\/uasolucions.com\/wp-content\/uploads\/2024\/05\/serv_agro_dieteticos18091991.webp\u00bb background_blend=\u00bbmultiply\u00bb custom_margin=\u00bb160px|100px||100px|false|true\u00bb custom_margin_tablet=\u00bb80px|0px||0px|false|true\u00bb custom_margin_phone=\u00bb80px||||false|false\u00bb custom_margin_last_edited=\u00bbon|tablet\u00bb custom_padding=\u00bb0px||0px||true|false\u00bb hover_enabled=\u00bb0&#8243; locked=\u00bboff\u00bb global_colors_info=\u00bb{}\u00bb alt=\u00bbRegistro de productos diet\u00e9ticos o productos alimenticios destinados a una alimentaci\u00f3n especial. 1809\/1991&#8243; title_text=\u00bbserv_agro_dieteticos18091991&#8243; sticky_enabled=\u00bb0&#8243;][et_pb_row use_custom_gutter=\u00bbon\u00bb gutter_width=\u00bb1&#8243; make_equal=\u00bbon\u00bb _builder_version=\u00bb4.13.1&#8243; _module_preset=\u00bbdefault\u00bb width=\u00bb90%\u00bb max_width=\u00bb1440px\u00bb module_alignment=\u00bbcenter\u00bb height=\u00bb500px\u00bb height_tablet=\u00bb400px\u00bb height_phone=\u00bb300px\u00bb height_last_edited=\u00bbon|desktop\u00bb custom_padding=\u00bb0px||0px||true|false\u00bb custom_css_main_element=\u00bbalign-items:center;\u00bb global_colors_info=\u00bb{}\u00bb custom_css_main_element_last_edited=\u00bbon|desktop\u00bb custom_css_main_element_tablet=\u00bbalign-items:center;\u00bb custom_css_main_element_phone=\u00bbalign-items:center;\u00bb][et_pb_column type=\u00bb4_4&#8243; _builder_version=\u00bb4.13.1&#8243; _module_preset=\u00bbdefault\u00bb global_colors_info=\u00bb{}\u00bb][et_pb_blurb title=\u00bbServicios Agroalimentarios\u00bb image=\u00bbhttps:\/\/uasolucions.com\/wp-content\/uploads\/2022\/11\/heade-smbl-agroalim-aliment.webp\u00bb alt=\u00bbLlic\u00e8ncies, autoritzacions i homologacions de productes i ind\u00fastries on es produeixen productes alimentaris, complements diet\u00e8tics,\u00bb image_icon_width=\u00bb80%\u00bb icon_alignment=\u00bbleft\u00bb content_max_width=\u00bb100%\u00bb _builder_version=\u00bb4.13.1&#8243; _module_preset=\u00bbdefault\u00bb header_font=\u00bbSilka Light||||||||\u00bb header_text_align=\u00bbleft\u00bb header_text_color=\u00bb#FFFFFF\u00bb header_font_size=\u00bb25px\u00bb body_font=\u00bbSilka Light||||||||\u00bb body_text_align=\u00bbleft\u00bb body_text_color=\u00bb#A2EAD4&#8243; body_font_size=\u00bb45px\u00bb body_line_height=\u00bb1em\u00bb module_alignment=\u00bbleft\u00bb custom_margin=\u00bb20px||20px||false|false\u00bb global_colors_info=\u00bb{}\u00bb]<\/p>\n<p>Ind\u00fastria<br \/>alimentaria<\/p>\n<p>[\/et_pb_blurb][\/et_pb_column][\/et_pb_row][\/et_pb_section][et_pb_section fb_built=\u00bb1&#8243; custom_padding_last_edited=\u00bbon|phone\u00bb _builder_version=\u00bb4.13.1&#8243; _module_preset=\u00bbdefault\u00bb custom_padding=\u00bb100px||100px||true|false\u00bb custom_padding_tablet=\u00bb40px||20px||false|false\u00bb custom_padding_phone=\u00bb20px||10px||false|false\u00bb global_colors_info=\u00bb{}\u00bb][et_pb_row use_custom_gutter=\u00bbon\u00bb make_equal=\u00bbon\u00bb _builder_version=\u00bb4.13.1&#8243; _module_preset=\u00bbdefault\u00bb max_width=\u00bb1440px\u00bb custom_padding=\u00bb0px||0px||true|false\u00bb global_colors_info=\u00bb{}\u00bb][et_pb_column type=\u00bb4_4&#8243; _builder_version=\u00bb4.13.1&#8243; _module_preset=\u00bbdefault\u00bb global_colors_info=\u00bb{}\u00bb][et_pb_text _builder_version=\u00bb4.13.1&#8243; _dynamic_attributes=\u00bbcontent\u00bb _module_preset=\u00bbdefault\u00bb text_font=\u00bbSilka Light||||||||\u00bb text_font_size=\u00bb30px\u00bb text_line_height=\u00bb1.2em\u00bb text_font_tablet=\u00bbSilka Regular||||||||\u00bb text_font_phone=\u00bbSilka Regular||||||||\u00bb text_font_last_edited=\u00bbon|tablet\u00bb text_font_size_tablet=\u00bb22px\u00bb text_font_size_phone=\u00bb16px\u00bb text_font_size_last_edited=\u00bbon|tablet\u00bb text_line_height_tablet=\u00bb1.1em\u00bb text_line_height_phone=\u00bb1.2em\u00bb text_line_height_last_edited=\u00bbon|phone\u00bb global_colors_info=\u00bb{}\u00bb]@ET-DC@eyJkeW5hbWljIjp0cnVlLCJjb250ZW50IjoicG9zdF90aXRsZSIsInNldHRpbmdzIjp7ImJlZm9yZSI6IiIsImFmdGVyIjoiIn19@[\/et_pb_text][et_pb_text _builder_version=\u00bb4.13.1&#8243; _module_preset=\u00bbdefault\u00bb text_font=\u00bbSilka Light||||||||\u00bb text_text_color=\u00bb#084960&#8243; text_font_size=\u00bb18px\u00bb text_font_size_tablet=\u00bb16px\u00bb text_font_size_phone=\u00bb14px\u00bb text_font_size_last_edited=\u00bbon|desktop\u00bb global_colors_info=\u00bb{}\u00bb]<\/p>\n<p>Seg\u00fan el Real Decreto 1809\/1991, los productos diet\u00e9ticos o productos alimentarios destinados a una alimentaci\u00f3n especial o diet\u00e9ticos, son aquellos que por su naturaleza o proceso de fabricaci\u00f3n son apropiados para satisfacer el objetivo nutricional especial al que est\u00e1n destinados. Para su comercializaci\u00f3n, se tienen que indicar el mencionado objetivo.<\/p>\n<p>Se deber\u00e1 notificar a las autoridades competentes de la primera puesta en el mercado nacional de estos productos, siempre que no cuenten con una norma espec\u00edfica o cuando as\u00ed lo exija su propia normativa.<\/p>\n<p><span style=\"font-size: 18px;\">Actualmente, se tienen que notificar las siguientes categor\u00edas de productos:<\/span><\/p>\n<ul>\n<li>Alimentos destinados a usos m\u00e9dicos especiales.<\/li>\n<li>Preparados para lactantes.<\/li>\n<li>Alimentos para prematuros.<\/li>\n<li>Alimentos diet\u00e9ticos destinados a personas con intolerancia al gluten.<\/li>\n<li>Alimentos destinados a un intenso desgaste muscular sobre todo para deportistas.<\/li>\n<li>Dietas de muy bajo valor energ\u00e9tico.<\/li>\n<li>Alimentos pobres en sodio y sales hipos\u00f3dicas.<\/li>\n<li>Alimentos para personas con alteraciones del metabolismo de los gl\u00facidos (diab\u00e9ticos).<\/li>\n<li>Otros productos destinados a una alimentaci\u00f3n especial y que tienen consideraci\u00f3n de diet\u00e9ticos conforme a la legislaci\u00f3n de otro Estado miembro de la UE.<\/li>\n<\/ul>\n<p>[\/et_pb_text][\/et_pb_column][\/et_pb_row][\/et_pb_section]<\/p>\n","protected":false},"excerpt":{"rendered":"<p>IndustriaalimentariaInd\u00fastriaalimentariaSeg\u00fan el Real Decreto 1809\/1991, los productos diet\u00e9ticos o productos alimentarios destinados a una alimentaci\u00f3n especial o diet\u00e9ticos, son aquellos que por su naturaleza o proceso de fabricaci\u00f3n son apropiados para satisfacer el objetivo nutricional especial al que est\u00e1n destinados. Para su comercializaci\u00f3n, se tienen que indicar el mencionado objetivo. Se deber\u00e1 notificar a las [&hellip;]<\/p>\n","protected":false},"author":31,"featured_media":0,"parent":3874,"menu_order":0,"comment_status":"closed","ping_status":"closed","template":"","meta":{"_et_pb_use_builder":"on","_et_pb_old_content":"","_et_gb_content_width":"","footnotes":""},"class_list":["post-4130","page","type-page","status-publish","hentry"],"yoast_head":"<!-- This site is optimized with the Yoast SEO plugin v27.4 - https:\/\/yoast.com\/product\/yoast-seo-wordpress\/ -->\n<title>Registro de productos diet\u00e9ticos productos alimenticios.<\/title>\n<meta name=\"description\" content=\"Registro de productos diet\u00e9ticos y productos alimenticios destinados a una alimentaci\u00f3n especial.\" \/>\n<meta name=\"robots\" content=\"index, follow, max-snippet:-1, max-image-preview:large, max-video-preview:-1\" \/>\n<link rel=\"canonical\" href=\"https:\/\/uasolucions.com\/es\/servicios\/agroalimentarios\/industria-alimentaria\/registro-de-productos-dieteticos-productos-alimentarios-destinados-a-una-alimentacion-especial\/\" \/>\n<meta property=\"og:locale\" content=\"es_ES\" \/>\n<meta property=\"og:type\" content=\"article\" \/>\n<meta property=\"og:title\" content=\"Registro de productos diet\u00e9ticos productos alimenticios.\" \/>\n<meta property=\"og:description\" content=\"Registro de productos diet\u00e9ticos y productos alimenticios destinados a una alimentaci\u00f3n especial.\" \/>\n<meta property=\"og:url\" content=\"https:\/\/uasolucions.com\/es\/servicios\/agroalimentarios\/industria-alimentaria\/registro-de-productos-dieteticos-productos-alimentarios-destinados-a-una-alimentacion-especial\/\" \/>\n<meta property=\"og:site_name\" content=\"uasolucions\" \/>\n<meta property=\"article:modified_time\" content=\"2024-05-07T08:05:21+00:00\" \/>\n<meta property=\"og:image\" content=\"https:\/\/uasolucions.com\/wp-content\/uploads\/2021\/12\/logo_uasolution.png\" \/>\n\t<meta property=\"og:image:width\" content=\"600\" \/>\n\t<meta property=\"og:image:height\" content=\"141\" \/>\n\t<meta property=\"og:image:type\" content=\"image\/png\" \/>\n<meta name=\"twitter:card\" content=\"summary_large_image\" \/>\n<meta name=\"twitter:label1\" content=\"Tiempo de lectura\" \/>\n\t<meta name=\"twitter:data1\" content=\"3 minutos\" \/>\n<script type=\"application\/ld+json\" class=\"yoast-schema-graph\">{\"@context\":\"https:\\\/\\\/schema.org\",\"@graph\":[{\"@type\":\"WebPage\",\"@id\":\"https:\\\/\\\/uasolucions.com\\\/es\\\/servicios\\\/agroalimentarios\\\/industria-alimentaria\\\/registro-de-productos-dieteticos-productos-alimentarios-destinados-a-una-alimentacion-especial\\\/\",\"url\":\"https:\\\/\\\/uasolucions.com\\\/es\\\/servicios\\\/agroalimentarios\\\/industria-alimentaria\\\/registro-de-productos-dieteticos-productos-alimentarios-destinados-a-una-alimentacion-especial\\\/\",\"name\":\"Registro de productos diet\u00e9ticos productos alimenticios.\",\"isPartOf\":{\"@id\":\"https:\\\/\\\/uasolucions.com\\\/es\\\/#website\"},\"datePublished\":\"2022-01-17T16:59:48+00:00\",\"dateModified\":\"2024-05-07T08:05:21+00:00\",\"description\":\"Registro de productos diet\u00e9ticos y productos alimenticios destinados a una alimentaci\u00f3n especial.\",\"breadcrumb\":{\"@id\":\"https:\\\/\\\/uasolucions.com\\\/es\\\/servicios\\\/agroalimentarios\\\/industria-alimentaria\\\/registro-de-productos-dieteticos-productos-alimentarios-destinados-a-una-alimentacion-especial\\\/#breadcrumb\"},\"inLanguage\":\"es\",\"potentialAction\":[{\"@type\":\"ReadAction\",\"target\":[\"https:\\\/\\\/uasolucions.com\\\/es\\\/servicios\\\/agroalimentarios\\\/industria-alimentaria\\\/registro-de-productos-dieteticos-productos-alimentarios-destinados-a-una-alimentacion-especial\\\/\"]}]},{\"@type\":\"BreadcrumbList\",\"@id\":\"https:\\\/\\\/uasolucions.com\\\/es\\\/servicios\\\/agroalimentarios\\\/industria-alimentaria\\\/registro-de-productos-dieteticos-productos-alimentarios-destinados-a-una-alimentacion-especial\\\/#breadcrumb\",\"itemListElement\":[{\"@type\":\"ListItem\",\"position\":1,\"name\":\"Inici\",\"item\":\"https:\\\/\\\/uasolucions.com\\\/es\\\/\"},{\"@type\":\"ListItem\",\"position\":2,\"name\":\"Servicios\",\"item\":\"https:\\\/\\\/uasolucions.com\\\/es\\\/servicios\\\/\"},{\"@type\":\"ListItem\",\"position\":3,\"name\":\"Agroalimentarios\",\"item\":\"https:\\\/\\\/uasolucions.com\\\/es\\\/servicios\\\/agroalimentarios\\\/\"},{\"@type\":\"ListItem\",\"position\":4,\"name\":\"Industria alimentaria\",\"item\":\"https:\\\/\\\/uasolucions.com\\\/es\\\/servicios\\\/agroalimentarios\\\/industria-alimentaria\\\/\"},{\"@type\":\"ListItem\",\"position\":5,\"name\":\"Registro de productos diet\u00e9ticos o productos alimenticios destinados a una alimentaci\u00f3n especial.\"}]},{\"@type\":\"WebSite\",\"@id\":\"https:\\\/\\\/uasolucions.com\\\/es\\\/#website\",\"url\":\"https:\\\/\\\/uasolucions.com\\\/es\\\/\",\"name\":\"UA Solucions\",\"description\":\"biocides, medical devices, biocida, producto sanitario, registro, cosm\u00e9tico, cosm\u00e9tic, cosmetic, producte sanitari, productes qu\u00edmics, chemical products, productos qu\u00edmicos, registro, licencia, antis\u00e9ptico, antis\u00e8ptic, hand sanitiser, Spain, Portugal, Espa\u00f1a, Portugal, Espanya, Uni\u00f3 Europea, European Union, Uni\u00f3n Europea\",\"publisher\":{\"@id\":\"https:\\\/\\\/uasolucions.com\\\/es\\\/#organization\"},\"potentialAction\":[{\"@type\":\"SearchAction\",\"target\":{\"@type\":\"EntryPoint\",\"urlTemplate\":\"https:\\\/\\\/uasolucions.com\\\/es\\\/?s={search_term_string}\"},\"query-input\":{\"@type\":\"PropertyValueSpecification\",\"valueRequired\":true,\"valueName\":\"search_term_string\"}}],\"inLanguage\":\"es\"},{\"@type\":\"Organization\",\"@id\":\"https:\\\/\\\/uasolucions.com\\\/es\\\/#organization\",\"name\":\"Urd\u00ed-Sol\u00e9 & Associats, S.L.\",\"url\":\"https:\\\/\\\/uasolucions.com\\\/es\\\/\",\"logo\":{\"@type\":\"ImageObject\",\"inLanguage\":\"es\",\"@id\":\"https:\\\/\\\/uasolucions.com\\\/es\\\/#\\\/schema\\\/logo\\\/image\\\/\",\"url\":\"https:\\\/\\\/uasolucions.com\\\/wp-content\\\/uploads\\\/2022\\\/03\\\/Isotip-UA.jpg\",\"contentUrl\":\"https:\\\/\\\/uasolucions.com\\\/wp-content\\\/uploads\\\/2022\\\/03\\\/Isotip-UA.jpg\",\"width\":119,\"height\":127,\"caption\":\"Urd\u00ed-Sol\u00e9 & Associats, S.L.\"},\"image\":{\"@id\":\"https:\\\/\\\/uasolucions.com\\\/es\\\/#\\\/schema\\\/logo\\\/image\\\/\"}}]}<\/script>\n<!-- \/ Yoast SEO plugin. -->","yoast_head_json":{"title":"Registro de productos diet\u00e9ticos productos alimenticios.","description":"Registro de productos diet\u00e9ticos y productos alimenticios destinados a una alimentaci\u00f3n especial.","robots":{"index":"index","follow":"follow","max-snippet":"max-snippet:-1","max-image-preview":"max-image-preview:large","max-video-preview":"max-video-preview:-1"},"canonical":"https:\/\/uasolucions.com\/es\/servicios\/agroalimentarios\/industria-alimentaria\/registro-de-productos-dieteticos-productos-alimentarios-destinados-a-una-alimentacion-especial\/","og_locale":"es_ES","og_type":"article","og_title":"Registro de productos diet\u00e9ticos productos alimenticios.","og_description":"Registro de productos diet\u00e9ticos y productos alimenticios destinados a una alimentaci\u00f3n especial.","og_url":"https:\/\/uasolucions.com\/es\/servicios\/agroalimentarios\/industria-alimentaria\/registro-de-productos-dieteticos-productos-alimentarios-destinados-a-una-alimentacion-especial\/","og_site_name":"uasolucions","article_modified_time":"2024-05-07T08:05:21+00:00","og_image":[{"width":600,"height":141,"url":"https:\/\/uasolucions.com\/wp-content\/uploads\/2021\/12\/logo_uasolution.png","type":"image\/png"}],"twitter_card":"summary_large_image","twitter_misc":{"Tiempo de lectura":"3 minutos"},"schema":{"@context":"https:\/\/schema.org","@graph":[{"@type":"WebPage","@id":"https:\/\/uasolucions.com\/es\/servicios\/agroalimentarios\/industria-alimentaria\/registro-de-productos-dieteticos-productos-alimentarios-destinados-a-una-alimentacion-especial\/","url":"https:\/\/uasolucions.com\/es\/servicios\/agroalimentarios\/industria-alimentaria\/registro-de-productos-dieteticos-productos-alimentarios-destinados-a-una-alimentacion-especial\/","name":"Registro de productos diet\u00e9ticos productos alimenticios.","isPartOf":{"@id":"https:\/\/uasolucions.com\/es\/#website"},"datePublished":"2022-01-17T16:59:48+00:00","dateModified":"2024-05-07T08:05:21+00:00","description":"Registro de productos diet\u00e9ticos y productos alimenticios destinados a una alimentaci\u00f3n especial.","breadcrumb":{"@id":"https:\/\/uasolucions.com\/es\/servicios\/agroalimentarios\/industria-alimentaria\/registro-de-productos-dieteticos-productos-alimentarios-destinados-a-una-alimentacion-especial\/#breadcrumb"},"inLanguage":"es","potentialAction":[{"@type":"ReadAction","target":["https:\/\/uasolucions.com\/es\/servicios\/agroalimentarios\/industria-alimentaria\/registro-de-productos-dieteticos-productos-alimentarios-destinados-a-una-alimentacion-especial\/"]}]},{"@type":"BreadcrumbList","@id":"https:\/\/uasolucions.com\/es\/servicios\/agroalimentarios\/industria-alimentaria\/registro-de-productos-dieteticos-productos-alimentarios-destinados-a-una-alimentacion-especial\/#breadcrumb","itemListElement":[{"@type":"ListItem","position":1,"name":"Inici","item":"https:\/\/uasolucions.com\/es\/"},{"@type":"ListItem","position":2,"name":"Servicios","item":"https:\/\/uasolucions.com\/es\/servicios\/"},{"@type":"ListItem","position":3,"name":"Agroalimentarios","item":"https:\/\/uasolucions.com\/es\/servicios\/agroalimentarios\/"},{"@type":"ListItem","position":4,"name":"Industria alimentaria","item":"https:\/\/uasolucions.com\/es\/servicios\/agroalimentarios\/industria-alimentaria\/"},{"@type":"ListItem","position":5,"name":"Registro de productos diet\u00e9ticos o productos alimenticios destinados a una alimentaci\u00f3n especial."}]},{"@type":"WebSite","@id":"https:\/\/uasolucions.com\/es\/#website","url":"https:\/\/uasolucions.com\/es\/","name":"UA Solucions","description":"biocides, medical devices, biocida, producto sanitario, registro, cosm\u00e9tico, cosm\u00e9tic, cosmetic, producte sanitari, productes qu\u00edmics, chemical products, productos qu\u00edmicos, registro, licencia, antis\u00e9ptico, antis\u00e8ptic, hand sanitiser, Spain, Portugal, Espa\u00f1a, Portugal, Espanya, Uni\u00f3 Europea, European Union, Uni\u00f3n Europea","publisher":{"@id":"https:\/\/uasolucions.com\/es\/#organization"},"potentialAction":[{"@type":"SearchAction","target":{"@type":"EntryPoint","urlTemplate":"https:\/\/uasolucions.com\/es\/?s={search_term_string}"},"query-input":{"@type":"PropertyValueSpecification","valueRequired":true,"valueName":"search_term_string"}}],"inLanguage":"es"},{"@type":"Organization","@id":"https:\/\/uasolucions.com\/es\/#organization","name":"Urd\u00ed-Sol\u00e9 & Associats, S.L.","url":"https:\/\/uasolucions.com\/es\/","logo":{"@type":"ImageObject","inLanguage":"es","@id":"https:\/\/uasolucions.com\/es\/#\/schema\/logo\/image\/","url":"https:\/\/uasolucions.com\/wp-content\/uploads\/2022\/03\/Isotip-UA.jpg","contentUrl":"https:\/\/uasolucions.com\/wp-content\/uploads\/2022\/03\/Isotip-UA.jpg","width":119,"height":127,"caption":"Urd\u00ed-Sol\u00e9 & Associats, S.L."},"image":{"@id":"https:\/\/uasolucions.com\/es\/#\/schema\/logo\/image\/"}}]}},"_links":{"self":[{"href":"https:\/\/uasolucions.com\/es\/wp-json\/wp\/v2\/pages\/4130","targetHints":{"allow":["GET"]}}],"collection":[{"href":"https:\/\/uasolucions.com\/es\/wp-json\/wp\/v2\/pages"}],"about":[{"href":"https:\/\/uasolucions.com\/es\/wp-json\/wp\/v2\/types\/page"}],"author":[{"embeddable":true,"href":"https:\/\/uasolucions.com\/es\/wp-json\/wp\/v2\/users\/31"}],"replies":[{"embeddable":true,"href":"https:\/\/uasolucions.com\/es\/wp-json\/wp\/v2\/comments?post=4130"}],"version-history":[{"count":19,"href":"https:\/\/uasolucions.com\/es\/wp-json\/wp\/v2\/pages\/4130\/revisions"}],"predecessor-version":[{"id":7273,"href":"https:\/\/uasolucions.com\/es\/wp-json\/wp\/v2\/pages\/4130\/revisions\/7273"}],"up":[{"embeddable":true,"href":"https:\/\/uasolucions.com\/es\/wp-json\/wp\/v2\/pages\/3874"}],"wp:attachment":[{"href":"https:\/\/uasolucions.com\/es\/wp-json\/wp\/v2\/media?parent=4130"}],"curies":[{"name":"wp","href":"https:\/\/api.w.org\/{rel}","templated":true}]}}