{"id":4085,"date":"2022-01-17T16:36:58","date_gmt":"2022-01-17T16:36:58","guid":{"rendered":"https:\/\/uasolucions.com\/autorizacion-de-las-actividades-de-fabricacion-importacion-y-o-almacenamiento-de-productos-antisepticos-de-piel-intacta-y-desinfectantes-en-el-ambito-clinico\/"},"modified":"2024-04-29T09:59:41","modified_gmt":"2024-04-29T09:59:41","slug":"autorizacion-de-las-actividades-de-fabricacion-importacion-y-o-almacenamiento-de-productos-antisepticos-de-piel-sana-y-desinfectantes-en-el-ambito-clinico","status":"publish","type":"page","link":"https:\/\/uasolucions.com\/es\/servicios\/industria-biocidas\/autorizacion-de-las-actividades-de-fabricacion-importacion-y-o-almacenamiento-de-productos-antisepticos-de-piel-sana-y-desinfectantes-en-el-ambito-clinico\/","title":{"rendered":"Autorizaci\u00f3n de las Actividades de Fabricaci\u00f3n, Importaci\u00f3n y\/o Almacenamiento de Productos Antis\u00e9pticos de Piel Sana y Desinfectantes en el \u00c1mbito Cl\u00ednico."},"content":{"rendered":"<p>[et_pb_section fb_built=\u00bb1&#8243; _builder_version=\u00bb4.13.1&#8243; _module_preset=\u00bbdefault\u00bb use_background_color_gradient=\u00bbon\u00bb background_color_gradient_start=\u00bb#084960&#8243; background_color_gradient_end=\u00bbrgba(117,221,217,0)\u00bb background_color_gradient_direction=\u00bb56deg\u00bb background_color_gradient_end_position=\u00bb60%\u00bb background_image=\u00bbhttps:\/\/uasolucions.com\/wp-content\/uploads\/2024\/04\/serv_biocidasclinico.jpg\u00bb background_blend=\u00bbmultiply\u00bb custom_margin=\u00bb160px|100px||100px|false|true\u00bb custom_margin_tablet=\u00bb80px|0px||0px|false|true\u00bb custom_margin_phone=\u00bb80px||||false|false\u00bb custom_margin_last_edited=\u00bbon|phone\u00bb custom_padding=\u00bb0px||0px||true|false\u00bb hover_enabled=\u00bb0&#8243; global_colors_info=\u00bb{}\u00bb alt=\u00bbAutorizaci\u00f3n de las Actividades de Fabricaci\u00f3n, Importaci\u00f3n y\/o Almacenamiento de Productos Antis\u00e9pticos de Piel Sana y Desinfectantes en el \u00c1mbito Cl\u00ednico.\u00bb title_text=\u00bbImprimir\u00bb sticky_enabled=\u00bb0&#8243;][et_pb_row use_custom_gutter=\u00bbon\u00bb gutter_width=\u00bb1&#8243; make_equal=\u00bbon\u00bb _builder_version=\u00bb4.13.1&#8243; _module_preset=\u00bbdefault\u00bb width=\u00bb100%\u00bb max_width=\u00bb90%\u00bb module_alignment=\u00bbcenter\u00bb height=\u00bb500px\u00bb height_tablet=\u00bb400px\u00bb height_phone=\u00bb300px\u00bb height_last_edited=\u00bbon|desktop\u00bb custom_padding=\u00bb0px||0px||true|false\u00bb custom_css_main_element=\u00bbalign-items:center;\u00bb global_colors_info=\u00bb{}\u00bb custom_css_main_element_last_edited=\u00bbon|desktop\u00bb custom_css_main_element_tablet=\u00bbalign-items:center;\u00bb custom_css_main_element_phone=\u00bbalign-items:center;\u00bb][et_pb_column type=\u00bb4_4&#8243; _builder_version=\u00bb4.13.1&#8243; _module_preset=\u00bbdefault\u00bb global_colors_info=\u00bb{}\u00bb][et_pb_blurb title=\u00bbServicios\u00bb image_icon_background_color=\u00bbRGBA(0,0,0,0)\u00bb image=\u00bbhttps:\/\/uasolucions.com\/wp-content\/uploads\/2021\/12\/heade-smbl-biocidas.png\u00bb image_icon_width=\u00bb80%\u00bb icon_alignment=\u00bbleft\u00bb content_max_width=\u00bb100%\u00bb image_icon_width_tablet=\u00bb80%\u00bb image_icon_width_phone=\u00bb70%\u00bb image_icon_width_last_edited=\u00bbon|tablet\u00bb _builder_version=\u00bb4.13.1&#8243; _module_preset=\u00bbdefault\u00bb header_font=\u00bbSilka Light||||||||\u00bb header_text_color=\u00bb#FFFFFF\u00bb header_font_size=\u00bb25px\u00bb body_font=\u00bbSilka Light||||||||\u00bb body_text_color=\u00bb#A2EAD4&#8243; body_font_size=\u00bb45px\u00bb body_line_height=\u00bb1em\u00bb image_icon_custom_margin=\u00bb||||false|false\u00bb image_icon_custom_margin_tablet=\u00bb||||false|false\u00bb image_icon_custom_margin_phone=\u00bb||||false|false\u00bb image_icon_custom_margin_last_edited=\u00bbon|desktop\u00bb image_icon_custom_padding=\u00bb||140px||false|false\u00bb image_icon_custom_padding_tablet=\u00bb||76px||false|false\u00bb image_icon_custom_padding_phone=\u00bb||30px||false|false\u00bb image_icon_custom_padding_last_edited=\u00bbon|phone\u00bb module_alignment=\u00bbleft\u00bb custom_margin=\u00bb20px||20px||true|false\u00bb custom_margin_tablet=\u00bb20px||20px||true|false\u00bb custom_margin_phone=\u00bb20px||20px||true|false\u00bb custom_margin_last_edited=\u00bbon|phone\u00bb header_font_size_tablet=\u00bb20px\u00bb header_font_size_phone=\u00bb20px\u00bb header_font_size_last_edited=\u00bbon|desktop\u00bb body_font_size_tablet=\u00bb30px\u00bb body_font_size_phone=\u00bb30px\u00bb body_font_size_last_edited=\u00bbon|desktop\u00bb global_colors_info=\u00bb{}\u00bb]<\/p>\n<p>Industria<br \/>biocidas<\/p>\n<p>[\/et_pb_blurb][\/et_pb_column][\/et_pb_row][\/et_pb_section][et_pb_section fb_built=\u00bb1&#8243; custom_padding_last_edited=\u00bbon|phone\u00bb _builder_version=\u00bb4.13.1&#8243; _module_preset=\u00bbdefault\u00bb custom_padding=\u00bb100px||100px||true|false\u00bb custom_padding_tablet=\u00bb40px||20px||false|false\u00bb custom_padding_phone=\u00bb20px||10px||false|false\u00bb global_colors_info=\u00bb{}\u00bb][et_pb_row use_custom_gutter=\u00bbon\u00bb make_equal=\u00bbon\u00bb _builder_version=\u00bb4.13.1&#8243; _module_preset=\u00bbdefault\u00bb max_width=\u00bb1440px\u00bb custom_padding=\u00bb0px||0px||true|false\u00bb global_colors_info=\u00bb{}\u00bb][et_pb_column type=\u00bb4_4&#8243; _builder_version=\u00bb4.13.1&#8243; _module_preset=\u00bbdefault\u00bb global_colors_info=\u00bb{}\u00bb][et_pb_text _builder_version=\u00bb4.13.1&#8243; _dynamic_attributes=\u00bbcontent\u00bb _module_preset=\u00bbdefault\u00bb text_font=\u00bbSilka Light||||||||\u00bb text_font_size=\u00bb30px\u00bb text_line_height=\u00bb1.2em\u00bb text_font_tablet=\u00bbSilka Regular||||||||\u00bb text_font_phone=\u00bbSilka Regular||||||||\u00bb text_font_last_edited=\u00bbon|tablet\u00bb text_font_size_tablet=\u00bb22px\u00bb text_font_size_phone=\u00bb16px\u00bb text_font_size_last_edited=\u00bbon|tablet\u00bb text_line_height_tablet=\u00bb1.1em\u00bb text_line_height_phone=\u00bb1.2em\u00bb text_line_height_last_edited=\u00bbon|phone\u00bb global_colors_info=\u00bb{}\u00bb]@ET-DC@eyJkeW5hbWljIjp0cnVlLCJjb250ZW50IjoicG9zdF90aXRsZSIsInNldHRpbmdzIjp7ImJlZm9yZSI6IiIsImFmdGVyIjoiIn19@[\/et_pb_text][et_pb_text _builder_version=\u00bb4.13.1&#8243; _module_preset=\u00bbdefault\u00bb text_font=\u00bbSilka Light||||||||\u00bb text_text_color=\u00bb#084960&#8243; text_font_size=\u00bb18px\u00bb text_font_size_tablet=\u00bb16px\u00bb text_font_size_phone=\u00bb14px\u00bb text_font_size_last_edited=\u00bbon|desktop\u00bb global_colors_info=\u00bb{}\u00bb]<\/p>\n<p>Para la fabricaci\u00f3n, importaci\u00f3n y\/o comercializaci\u00f3n de productos antis\u00e9pticos de piel sana y\/o desinfectantes del \u00e1mbito cl\u00ednico, un requisito previo es la obtenci\u00f3n de la Autorizaci\u00f3n de las Actividades de Fabricaci\u00f3n, Importaci\u00f3n y\/o Almacenamiento de Productos Antis\u00e9pticos de Piel Sana y Desinfectantes en el \u00c1mbito Cl\u00ednico por parte de la Agencia Espa\u00f1ola del Medicamento y Productos Sanitarios.<\/p>\n<p>Esta autorizaci\u00f3n requiere de un director t\u00e9cnico con una titulaci\u00f3n homologada en Espa\u00f1a que garantice la correcta fabricaci\u00f3n y comercializaci\u00f3n de los productos antis\u00e9pticos y desinfectantes del \u00e1mbito cl\u00ednico.<\/p>\n<p>[\/et_pb_text][\/et_pb_column][\/et_pb_row][\/et_pb_section]<\/p>\n","protected":false},"excerpt":{"rendered":"<p>IndustriabiocidasPara la fabricaci\u00f3n, importaci\u00f3n y\/o comercializaci\u00f3n de productos antis\u00e9pticos de piel sana y\/o desinfectantes del \u00e1mbito cl\u00ednico, un requisito previo es la obtenci\u00f3n de la Autorizaci\u00f3n de las Actividades de Fabricaci\u00f3n, Importaci\u00f3n y\/o Almacenamiento de Productos Antis\u00e9pticos de Piel Sana y Desinfectantes en el \u00c1mbito Cl\u00ednico por parte de la Agencia Espa\u00f1ola del Medicamento y [&hellip;]<\/p>\n","protected":false},"author":31,"featured_media":0,"parent":3843,"menu_order":0,"comment_status":"closed","ping_status":"closed","template":"","meta":{"_et_pb_use_builder":"on","_et_pb_old_content":"","_et_gb_content_width":"","footnotes":""},"class_list":["post-4085","page","type-page","status-publish","hentry"],"yoast_head":"<!-- This site is optimized with the Yoast SEO plugin v27.4 - https:\/\/yoast.com\/product\/yoast-seo-wordpress\/ -->\n<title>Actividades antis\u00e9pticos desinfectantes \u00e1mbito sanitario<\/title>\n<meta name=\"description\" content=\"Autorizaci\u00f3n actividades antis\u00e9pticos desinfectantes \u00e1mbito sanitario para antis\u00e9pticos de piel Sana y desinfectantes en el \u00e1mbito cl\u00ednicos\" \/>\n<meta name=\"robots\" content=\"index, follow, max-snippet:-1, max-image-preview:large, max-video-preview:-1\" \/>\n<link rel=\"canonical\" href=\"https:\/\/uasolucions.com\/es\/servicios\/industria-biocidas\/autorizacion-de-las-actividades-de-fabricacion-importacion-y-o-almacenamiento-de-productos-antisepticos-de-piel-sana-y-desinfectantes-en-el-ambito-clinico\/\" \/>\n<meta property=\"og:locale\" content=\"es_ES\" \/>\n<meta property=\"og:type\" content=\"article\" \/>\n<meta property=\"og:title\" content=\"Actividades antis\u00e9pticos desinfectantes \u00e1mbito sanitario\" \/>\n<meta property=\"og:description\" content=\"Autorizaci\u00f3n actividades antis\u00e9pticos desinfectantes \u00e1mbito sanitario para antis\u00e9pticos de piel Sana y desinfectantes en el \u00e1mbito cl\u00ednicos\" \/>\n<meta property=\"og:url\" content=\"https:\/\/uasolucions.com\/es\/servicios\/industria-biocidas\/autorizacion-de-las-actividades-de-fabricacion-importacion-y-o-almacenamiento-de-productos-antisepticos-de-piel-sana-y-desinfectantes-en-el-ambito-clinico\/\" \/>\n<meta property=\"og:site_name\" content=\"uasolucions\" \/>\n<meta property=\"article:modified_time\" content=\"2024-04-29T09:59:41+00:00\" \/>\n<meta property=\"og:image\" content=\"https:\/\/uasolucions.com\/wp-content\/uploads\/2021\/12\/logo_uasolution.png\" \/>\n\t<meta property=\"og:image:width\" content=\"600\" \/>\n\t<meta property=\"og:image:height\" content=\"141\" \/>\n\t<meta property=\"og:image:type\" content=\"image\/png\" \/>\n<meta name=\"twitter:card\" content=\"summary_large_image\" \/>\n<meta name=\"twitter:label1\" content=\"Tiempo de lectura\" \/>\n\t<meta name=\"twitter:data1\" content=\"2 minutos\" \/>\n<script type=\"application\/ld+json\" class=\"yoast-schema-graph\">{\"@context\":\"https:\\\/\\\/schema.org\",\"@graph\":[{\"@type\":\"WebPage\",\"@id\":\"https:\\\/\\\/uasolucions.com\\\/es\\\/servicios\\\/industria-biocidas\\\/autorizacion-de-las-actividades-de-fabricacion-importacion-y-o-almacenamiento-de-productos-antisepticos-de-piel-sana-y-desinfectantes-en-el-ambito-clinico\\\/\",\"url\":\"https:\\\/\\\/uasolucions.com\\\/es\\\/servicios\\\/industria-biocidas\\\/autorizacion-de-las-actividades-de-fabricacion-importacion-y-o-almacenamiento-de-productos-antisepticos-de-piel-sana-y-desinfectantes-en-el-ambito-clinico\\\/\",\"name\":\"Actividades antis\u00e9pticos desinfectantes \u00e1mbito sanitario\",\"isPartOf\":{\"@id\":\"https:\\\/\\\/uasolucions.com\\\/es\\\/#website\"},\"datePublished\":\"2022-01-17T16:36:58+00:00\",\"dateModified\":\"2024-04-29T09:59:41+00:00\",\"description\":\"Autorizaci\u00f3n actividades antis\u00e9pticos desinfectantes \u00e1mbito sanitario para antis\u00e9pticos de piel Sana y desinfectantes en el \u00e1mbito cl\u00ednicos\",\"breadcrumb\":{\"@id\":\"https:\\\/\\\/uasolucions.com\\\/es\\\/servicios\\\/industria-biocidas\\\/autorizacion-de-las-actividades-de-fabricacion-importacion-y-o-almacenamiento-de-productos-antisepticos-de-piel-sana-y-desinfectantes-en-el-ambito-clinico\\\/#breadcrumb\"},\"inLanguage\":\"es\",\"potentialAction\":[{\"@type\":\"ReadAction\",\"target\":[\"https:\\\/\\\/uasolucions.com\\\/es\\\/servicios\\\/industria-biocidas\\\/autorizacion-de-las-actividades-de-fabricacion-importacion-y-o-almacenamiento-de-productos-antisepticos-de-piel-sana-y-desinfectantes-en-el-ambito-clinico\\\/\"]}]},{\"@type\":\"BreadcrumbList\",\"@id\":\"https:\\\/\\\/uasolucions.com\\\/es\\\/servicios\\\/industria-biocidas\\\/autorizacion-de-las-actividades-de-fabricacion-importacion-y-o-almacenamiento-de-productos-antisepticos-de-piel-sana-y-desinfectantes-en-el-ambito-clinico\\\/#breadcrumb\",\"itemListElement\":[{\"@type\":\"ListItem\",\"position\":1,\"name\":\"Inici\",\"item\":\"https:\\\/\\\/uasolucions.com\\\/es\\\/\"},{\"@type\":\"ListItem\",\"position\":2,\"name\":\"Servicios\",\"item\":\"https:\\\/\\\/uasolucions.com\\\/es\\\/servicios\\\/\"},{\"@type\":\"ListItem\",\"position\":3,\"name\":\"Industria biocidas\",\"item\":\"https:\\\/\\\/uasolucions.com\\\/es\\\/servicios\\\/industria-biocidas\\\/\"},{\"@type\":\"ListItem\",\"position\":4,\"name\":\"Autorizaci\u00f3n de las Actividades de Fabricaci\u00f3n, Importaci\u00f3n y\\\/o Almacenamiento de Productos Antis\u00e9pticos de Piel Sana y Desinfectantes en el \u00c1mbito Cl\u00ednico.\"}]},{\"@type\":\"WebSite\",\"@id\":\"https:\\\/\\\/uasolucions.com\\\/es\\\/#website\",\"url\":\"https:\\\/\\\/uasolucions.com\\\/es\\\/\",\"name\":\"UA Solucions\",\"description\":\"biocides, medical devices, biocida, producto sanitario, registro, cosm\u00e9tico, cosm\u00e9tic, cosmetic, producte sanitari, productes qu\u00edmics, chemical products, productos qu\u00edmicos, registro, licencia, antis\u00e9ptico, antis\u00e8ptic, hand sanitiser, Spain, Portugal, Espa\u00f1a, Portugal, Espanya, Uni\u00f3 Europea, European Union, Uni\u00f3n Europea\",\"publisher\":{\"@id\":\"https:\\\/\\\/uasolucions.com\\\/es\\\/#organization\"},\"potentialAction\":[{\"@type\":\"SearchAction\",\"target\":{\"@type\":\"EntryPoint\",\"urlTemplate\":\"https:\\\/\\\/uasolucions.com\\\/es\\\/?s={search_term_string}\"},\"query-input\":{\"@type\":\"PropertyValueSpecification\",\"valueRequired\":true,\"valueName\":\"search_term_string\"}}],\"inLanguage\":\"es\"},{\"@type\":\"Organization\",\"@id\":\"https:\\\/\\\/uasolucions.com\\\/es\\\/#organization\",\"name\":\"Urd\u00ed-Sol\u00e9 & Associats, S.L.\",\"url\":\"https:\\\/\\\/uasolucions.com\\\/es\\\/\",\"logo\":{\"@type\":\"ImageObject\",\"inLanguage\":\"es\",\"@id\":\"https:\\\/\\\/uasolucions.com\\\/es\\\/#\\\/schema\\\/logo\\\/image\\\/\",\"url\":\"https:\\\/\\\/uasolucions.com\\\/wp-content\\\/uploads\\\/2022\\\/03\\\/Isotip-UA.jpg\",\"contentUrl\":\"https:\\\/\\\/uasolucions.com\\\/wp-content\\\/uploads\\\/2022\\\/03\\\/Isotip-UA.jpg\",\"width\":119,\"height\":127,\"caption\":\"Urd\u00ed-Sol\u00e9 & Associats, S.L.\"},\"image\":{\"@id\":\"https:\\\/\\\/uasolucions.com\\\/es\\\/#\\\/schema\\\/logo\\\/image\\\/\"}}]}<\/script>\n<!-- \/ Yoast SEO plugin. -->","yoast_head_json":{"title":"Actividades antis\u00e9pticos desinfectantes \u00e1mbito sanitario","description":"Autorizaci\u00f3n actividades antis\u00e9pticos desinfectantes \u00e1mbito sanitario para antis\u00e9pticos de piel Sana y desinfectantes en el \u00e1mbito cl\u00ednicos","robots":{"index":"index","follow":"follow","max-snippet":"max-snippet:-1","max-image-preview":"max-image-preview:large","max-video-preview":"max-video-preview:-1"},"canonical":"https:\/\/uasolucions.com\/es\/servicios\/industria-biocidas\/autorizacion-de-las-actividades-de-fabricacion-importacion-y-o-almacenamiento-de-productos-antisepticos-de-piel-sana-y-desinfectantes-en-el-ambito-clinico\/","og_locale":"es_ES","og_type":"article","og_title":"Actividades antis\u00e9pticos desinfectantes \u00e1mbito sanitario","og_description":"Autorizaci\u00f3n actividades antis\u00e9pticos desinfectantes \u00e1mbito sanitario para antis\u00e9pticos de piel Sana y desinfectantes en el \u00e1mbito cl\u00ednicos","og_url":"https:\/\/uasolucions.com\/es\/servicios\/industria-biocidas\/autorizacion-de-las-actividades-de-fabricacion-importacion-y-o-almacenamiento-de-productos-antisepticos-de-piel-sana-y-desinfectantes-en-el-ambito-clinico\/","og_site_name":"uasolucions","article_modified_time":"2024-04-29T09:59:41+00:00","og_image":[{"width":600,"height":141,"url":"https:\/\/uasolucions.com\/wp-content\/uploads\/2021\/12\/logo_uasolution.png","type":"image\/png"}],"twitter_card":"summary_large_image","twitter_misc":{"Tiempo de lectura":"2 minutos"},"schema":{"@context":"https:\/\/schema.org","@graph":[{"@type":"WebPage","@id":"https:\/\/uasolucions.com\/es\/servicios\/industria-biocidas\/autorizacion-de-las-actividades-de-fabricacion-importacion-y-o-almacenamiento-de-productos-antisepticos-de-piel-sana-y-desinfectantes-en-el-ambito-clinico\/","url":"https:\/\/uasolucions.com\/es\/servicios\/industria-biocidas\/autorizacion-de-las-actividades-de-fabricacion-importacion-y-o-almacenamiento-de-productos-antisepticos-de-piel-sana-y-desinfectantes-en-el-ambito-clinico\/","name":"Actividades antis\u00e9pticos desinfectantes \u00e1mbito sanitario","isPartOf":{"@id":"https:\/\/uasolucions.com\/es\/#website"},"datePublished":"2022-01-17T16:36:58+00:00","dateModified":"2024-04-29T09:59:41+00:00","description":"Autorizaci\u00f3n actividades antis\u00e9pticos desinfectantes \u00e1mbito sanitario para antis\u00e9pticos de piel Sana y desinfectantes en el \u00e1mbito cl\u00ednicos","breadcrumb":{"@id":"https:\/\/uasolucions.com\/es\/servicios\/industria-biocidas\/autorizacion-de-las-actividades-de-fabricacion-importacion-y-o-almacenamiento-de-productos-antisepticos-de-piel-sana-y-desinfectantes-en-el-ambito-clinico\/#breadcrumb"},"inLanguage":"es","potentialAction":[{"@type":"ReadAction","target":["https:\/\/uasolucions.com\/es\/servicios\/industria-biocidas\/autorizacion-de-las-actividades-de-fabricacion-importacion-y-o-almacenamiento-de-productos-antisepticos-de-piel-sana-y-desinfectantes-en-el-ambito-clinico\/"]}]},{"@type":"BreadcrumbList","@id":"https:\/\/uasolucions.com\/es\/servicios\/industria-biocidas\/autorizacion-de-las-actividades-de-fabricacion-importacion-y-o-almacenamiento-de-productos-antisepticos-de-piel-sana-y-desinfectantes-en-el-ambito-clinico\/#breadcrumb","itemListElement":[{"@type":"ListItem","position":1,"name":"Inici","item":"https:\/\/uasolucions.com\/es\/"},{"@type":"ListItem","position":2,"name":"Servicios","item":"https:\/\/uasolucions.com\/es\/servicios\/"},{"@type":"ListItem","position":3,"name":"Industria biocidas","item":"https:\/\/uasolucions.com\/es\/servicios\/industria-biocidas\/"},{"@type":"ListItem","position":4,"name":"Autorizaci\u00f3n de las Actividades de Fabricaci\u00f3n, Importaci\u00f3n y\/o Almacenamiento de Productos Antis\u00e9pticos de Piel Sana y Desinfectantes en el \u00c1mbito Cl\u00ednico."}]},{"@type":"WebSite","@id":"https:\/\/uasolucions.com\/es\/#website","url":"https:\/\/uasolucions.com\/es\/","name":"UA Solucions","description":"biocides, medical devices, biocida, producto sanitario, registro, cosm\u00e9tico, cosm\u00e9tic, cosmetic, producte sanitari, productes qu\u00edmics, chemical products, productos qu\u00edmicos, registro, licencia, antis\u00e9ptico, antis\u00e8ptic, hand sanitiser, Spain, Portugal, Espa\u00f1a, Portugal, Espanya, Uni\u00f3 Europea, European Union, Uni\u00f3n Europea","publisher":{"@id":"https:\/\/uasolucions.com\/es\/#organization"},"potentialAction":[{"@type":"SearchAction","target":{"@type":"EntryPoint","urlTemplate":"https:\/\/uasolucions.com\/es\/?s={search_term_string}"},"query-input":{"@type":"PropertyValueSpecification","valueRequired":true,"valueName":"search_term_string"}}],"inLanguage":"es"},{"@type":"Organization","@id":"https:\/\/uasolucions.com\/es\/#organization","name":"Urd\u00ed-Sol\u00e9 & Associats, S.L.","url":"https:\/\/uasolucions.com\/es\/","logo":{"@type":"ImageObject","inLanguage":"es","@id":"https:\/\/uasolucions.com\/es\/#\/schema\/logo\/image\/","url":"https:\/\/uasolucions.com\/wp-content\/uploads\/2022\/03\/Isotip-UA.jpg","contentUrl":"https:\/\/uasolucions.com\/wp-content\/uploads\/2022\/03\/Isotip-UA.jpg","width":119,"height":127,"caption":"Urd\u00ed-Sol\u00e9 & Associats, S.L."},"image":{"@id":"https:\/\/uasolucions.com\/es\/#\/schema\/logo\/image\/"}}]}},"_links":{"self":[{"href":"https:\/\/uasolucions.com\/es\/wp-json\/wp\/v2\/pages\/4085","targetHints":{"allow":["GET"]}}],"collection":[{"href":"https:\/\/uasolucions.com\/es\/wp-json\/wp\/v2\/pages"}],"about":[{"href":"https:\/\/uasolucions.com\/es\/wp-json\/wp\/v2\/types\/page"}],"author":[{"embeddable":true,"href":"https:\/\/uasolucions.com\/es\/wp-json\/wp\/v2\/users\/31"}],"replies":[{"embeddable":true,"href":"https:\/\/uasolucions.com\/es\/wp-json\/wp\/v2\/comments?post=4085"}],"version-history":[{"count":9,"href":"https:\/\/uasolucions.com\/es\/wp-json\/wp\/v2\/pages\/4085\/revisions"}],"predecessor-version":[{"id":7181,"href":"https:\/\/uasolucions.com\/es\/wp-json\/wp\/v2\/pages\/4085\/revisions\/7181"}],"up":[{"embeddable":true,"href":"https:\/\/uasolucions.com\/es\/wp-json\/wp\/v2\/pages\/3843"}],"wp:attachment":[{"href":"https:\/\/uasolucions.com\/es\/wp-json\/wp\/v2\/media?parent=4085"}],"curies":[{"name":"wp","href":"https:\/\/api.w.org\/{rel}","templated":true}]}}