{"id":4067,"date":"2022-01-17T16:34:04","date_gmt":"2022-01-17T16:34:04","guid":{"rendered":"https:\/\/uasolucions.com\/registro-de-biocidas-en-espana-desinfectantes-insecticidas-raticidas-de-uso-zoosanitario-ambito-ganadero-y-o-veterinario\/"},"modified":"2024-04-29T09:46:21","modified_gmt":"2024-04-29T09:46:21","slug":"registro-de-biocidas-en-espana-desinfectantes-insecticidas-raticidas-de-uso-zoosanitario-ambito-ganadero-y-o-veterinario","status":"publish","type":"page","link":"https:\/\/uasolucions.com\/es\/servicios\/industria-biocidas\/registro-de-biocidas-en-espana-desinfectantes-insecticidas-raticidas-de-uso-zoosanitario-ambito-ganadero-y-o-veterinario\/","title":{"rendered":"Registro de Biocidas en Espa\u00f1a (desinfectantes, insecticidas, raticidas&#8230;) de uso zoosanitario (\u00e1mbito ganadero y\/o veterinario)."},"content":{"rendered":"<p>[et_pb_section fb_built=\u00bb1&#8243; _builder_version=\u00bb4.13.1&#8243; _module_preset=\u00bbdefault\u00bb use_background_color_gradient=\u00bbon\u00bb background_color_gradient_start=\u00bb#084960&#8243; background_color_gradient_end=\u00bbrgba(117,221,217,0)\u00bb background_color_gradient_direction=\u00bb56deg\u00bb background_color_gradient_end_position=\u00bb60%\u00bb background_image=\u00bbhttps:\/\/uasolucions.com\/wp-content\/uploads\/2024\/04\/serv_biocidasregistroespanazoo.jpg\u00bb background_blend=\u00bbmultiply\u00bb custom_margin=\u00bb160px|100px||100px|false|true\u00bb custom_margin_tablet=\u00bb80px|0px||0px|false|true\u00bb custom_margin_phone=\u00bb80px||||false|false\u00bb custom_margin_last_edited=\u00bbon|phone\u00bb custom_padding=\u00bb0px||0px||true|false\u00bb hover_enabled=\u00bb0&#8243; global_colors_info=\u00bb{}\u00bb alt=\u00bbRegistro de Biocidas en Espa\u00f1a (desinfectantes, insecticidas, raticidas\u2026) de uso zoosanitario (\u00e1mbito ganadero y\/o veterinario).\u00bb title_text=\u00bbImprimir\u00bb sticky_enabled=\u00bb0&#8243;][et_pb_row use_custom_gutter=\u00bbon\u00bb gutter_width=\u00bb1&#8243; make_equal=\u00bbon\u00bb _builder_version=\u00bb4.13.1&#8243; _module_preset=\u00bbdefault\u00bb width=\u00bb100%\u00bb max_width=\u00bb90%\u00bb module_alignment=\u00bbcenter\u00bb height=\u00bb500px\u00bb height_tablet=\u00bb400px\u00bb height_phone=\u00bb300px\u00bb height_last_edited=\u00bbon|desktop\u00bb custom_padding=\u00bb0px||0px||true|false\u00bb custom_css_main_element=\u00bbalign-items:center;\u00bb global_colors_info=\u00bb{}\u00bb custom_css_main_element_last_edited=\u00bbon|desktop\u00bb custom_css_main_element_tablet=\u00bbalign-items:center;\u00bb custom_css_main_element_phone=\u00bbalign-items:center;\u00bb][et_pb_column type=\u00bb4_4&#8243; _builder_version=\u00bb4.13.1&#8243; _module_preset=\u00bbdefault\u00bb global_colors_info=\u00bb{}\u00bb][et_pb_blurb title=\u00bbServicios\u00bb image_icon_background_color=\u00bbRGBA(0,0,0,0)\u00bb image=\u00bbhttps:\/\/uasolucions.com\/wp-content\/uploads\/2021\/12\/heade-smbl-biocidas.png\u00bb image_icon_width=\u00bb80%\u00bb icon_alignment=\u00bbleft\u00bb content_max_width=\u00bb100%\u00bb image_icon_width_tablet=\u00bb80%\u00bb image_icon_width_phone=\u00bb70%\u00bb image_icon_width_last_edited=\u00bbon|tablet\u00bb _builder_version=\u00bb4.13.1&#8243; _module_preset=\u00bbdefault\u00bb header_font=\u00bbSilka Light||||||||\u00bb header_text_color=\u00bb#FFFFFF\u00bb header_font_size=\u00bb25px\u00bb body_font=\u00bbSilka Light||||||||\u00bb body_text_color=\u00bb#A2EAD4&#8243; body_font_size=\u00bb45px\u00bb body_line_height=\u00bb1em\u00bb image_icon_custom_margin=\u00bb||||false|false\u00bb image_icon_custom_margin_tablet=\u00bb||||false|false\u00bb image_icon_custom_margin_phone=\u00bb||||false|false\u00bb image_icon_custom_margin_last_edited=\u00bbon|desktop\u00bb image_icon_custom_padding=\u00bb||140px||false|false\u00bb image_icon_custom_padding_tablet=\u00bb||76px||false|false\u00bb image_icon_custom_padding_phone=\u00bb||30px||false|false\u00bb image_icon_custom_padding_last_edited=\u00bbon|phone\u00bb module_alignment=\u00bbleft\u00bb custom_margin=\u00bb20px||20px||true|false\u00bb custom_margin_tablet=\u00bb20px||20px||true|false\u00bb custom_margin_phone=\u00bb20px||20px||true|false\u00bb custom_margin_last_edited=\u00bbon|phone\u00bb header_font_size_tablet=\u00bb20px\u00bb header_font_size_phone=\u00bb20px\u00bb header_font_size_last_edited=\u00bbon|desktop\u00bb body_font_size_tablet=\u00bb30px\u00bb body_font_size_phone=\u00bb30px\u00bb body_font_size_last_edited=\u00bbon|desktop\u00bb global_colors_info=\u00bb{}\u00bb]<\/p>\n<p>Industria<br \/>biocidas<\/p>\n<p>[\/et_pb_blurb][\/et_pb_column][\/et_pb_row][\/et_pb_section][et_pb_section fb_built=\u00bb1&#8243; custom_padding_last_edited=\u00bbon|phone\u00bb _builder_version=\u00bb4.13.1&#8243; _module_preset=\u00bbdefault\u00bb custom_padding=\u00bb100px||100px||true|false\u00bb custom_padding_tablet=\u00bb40px||20px||false|false\u00bb custom_padding_phone=\u00bb20px||10px||false|false\u00bb global_colors_info=\u00bb{}\u00bb][et_pb_row use_custom_gutter=\u00bbon\u00bb make_equal=\u00bbon\u00bb _builder_version=\u00bb4.13.1&#8243; _module_preset=\u00bbdefault\u00bb max_width=\u00bb1440px\u00bb custom_padding=\u00bb0px||0px||true|false\u00bb global_colors_info=\u00bb{}\u00bb][et_pb_column type=\u00bb4_4&#8243; _builder_version=\u00bb4.13.1&#8243; _module_preset=\u00bbdefault\u00bb global_colors_info=\u00bb{}\u00bb][et_pb_text _builder_version=\u00bb4.13.1&#8243; _dynamic_attributes=\u00bbcontent\u00bb _module_preset=\u00bbdefault\u00bb text_font=\u00bbSilka Light||||||||\u00bb text_font_size=\u00bb30px\u00bb text_line_height=\u00bb1.2em\u00bb text_font_tablet=\u00bbSilka Regular||||||||\u00bb text_font_phone=\u00bbSilka Regular||||||||\u00bb text_font_last_edited=\u00bbon|tablet\u00bb text_font_size_tablet=\u00bb22px\u00bb text_font_size_phone=\u00bb16px\u00bb text_font_size_last_edited=\u00bbon|tablet\u00bb text_line_height_tablet=\u00bb1.1em\u00bb text_line_height_phone=\u00bb1.2em\u00bb text_line_height_last_edited=\u00bbon|phone\u00bb global_colors_info=\u00bb{}\u00bb]@ET-DC@eyJkeW5hbWljIjp0cnVlLCJjb250ZW50IjoicG9zdF90aXRsZSIsInNldHRpbmdzIjp7ImJlZm9yZSI6IiIsImFmdGVyIjoiIn19@[\/et_pb_text][et_pb_text _builder_version=\u00bb4.13.1&#8243; _module_preset=\u00bbdefault\u00bb text_font=\u00bbSilka Light||||||||\u00bb text_text_color=\u00bb#084960&#8243; text_font_size=\u00bb18px\u00bb text_font_size_tablet=\u00bb16px\u00bb text_font_size_phone=\u00bb14px\u00bb text_font_size_last_edited=\u00bbon|desktop\u00bb global_colors_info=\u00bb{}\u00bb]<\/p>\n<p>Durante el periodo transitorio de aplicaci\u00f3n del Reglamento 528\/2012, los productos biocidas de uso en el \u00e1mbito ganadero o en el entorno veterinario, deben registrarse en el Ministerio de Agricultura, Alimentaci\u00f3n y Medio Ambiente.<\/p>\n<p>Los productos biocidas que tienen que registrarse son:<\/p>\n<ul>\n<li>Productos desinfectantes de superficies.<\/li>\n<li>Productos desinfectantes ambientales.<\/li>\n<li>Productos insecticidas.<\/li>\n<li>Productos raticidas.<\/li>\n<\/ul>\n<p>[\/et_pb_text][\/et_pb_column][\/et_pb_row][\/et_pb_section]<\/p>\n","protected":false},"excerpt":{"rendered":"<p>IndustriabiocidasDurante el periodo transitorio de aplicaci\u00f3n del Reglamento 528\/2012, los productos biocidas de uso en el \u00e1mbito ganadero o en el entorno veterinario, deben registrarse en el Ministerio de Agricultura, Alimentaci\u00f3n y Medio Ambiente. Los productos biocidas que tienen que registrarse son: Productos desinfectantes de superficies. Productos desinfectantes ambientales. Productos insecticidas. Productos raticidas.<\/p>\n","protected":false},"author":31,"featured_media":0,"parent":3843,"menu_order":0,"comment_status":"closed","ping_status":"closed","template":"","meta":{"_et_pb_use_builder":"on","_et_pb_old_content":"","_et_gb_content_width":"","footnotes":""},"class_list":["post-4067","page","type-page","status-publish","hentry"],"yoast_head":"<!-- This site is optimized with the Yoast SEO plugin v27.3 - https:\/\/yoast.com\/product\/yoast-seo-wordpress\/ -->\n<title>Registro biocidas uso zoosanitario en Espa\u00f1a<\/title>\n<meta name=\"description\" content=\"Registro de biocidas de uso zoosanitario (desinfectantes, insecticidas, raticidas) de uso en el entorno ganadero.\" \/>\n<meta name=\"robots\" content=\"index, follow, max-snippet:-1, max-image-preview:large, max-video-preview:-1\" \/>\n<link rel=\"canonical\" href=\"https:\/\/uasolucions.com\/es\/servicios\/industria-biocidas\/registro-de-biocidas-en-espana-desinfectantes-insecticidas-raticidas-de-uso-zoosanitario-ambito-ganadero-y-o-veterinario\/\" \/>\n<meta property=\"og:locale\" content=\"es_ES\" \/>\n<meta property=\"og:type\" content=\"article\" \/>\n<meta property=\"og:title\" content=\"Registro biocidas uso zoosanitario en Espa\u00f1a\" \/>\n<meta property=\"og:description\" content=\"Registro de biocidas de uso zoosanitario (desinfectantes, insecticidas, raticidas) de uso en el entorno ganadero.\" \/>\n<meta property=\"og:url\" content=\"https:\/\/uasolucions.com\/es\/servicios\/industria-biocidas\/registro-de-biocidas-en-espana-desinfectantes-insecticidas-raticidas-de-uso-zoosanitario-ambito-ganadero-y-o-veterinario\/\" \/>\n<meta property=\"og:site_name\" content=\"uasolucions\" \/>\n<meta property=\"article:modified_time\" content=\"2024-04-29T09:46:21+00:00\" \/>\n<meta property=\"og:image\" content=\"https:\/\/uasolucions.com\/wp-content\/uploads\/2021\/12\/logo_uasolution.png\" \/>\n\t<meta property=\"og:image:width\" content=\"600\" \/>\n\t<meta property=\"og:image:height\" content=\"141\" \/>\n\t<meta property=\"og:image:type\" content=\"image\/png\" \/>\n<meta name=\"twitter:card\" content=\"summary_large_image\" \/>\n<meta name=\"twitter:label1\" content=\"Tiempo de lectura\" \/>\n\t<meta name=\"twitter:data1\" content=\"2 minutos\" \/>\n<script type=\"application\/ld+json\" class=\"yoast-schema-graph\">{\"@context\":\"https:\\\/\\\/schema.org\",\"@graph\":[{\"@type\":\"WebPage\",\"@id\":\"https:\\\/\\\/uasolucions.com\\\/es\\\/servicios\\\/industria-biocidas\\\/registro-de-biocidas-en-espana-desinfectantes-insecticidas-raticidas-de-uso-zoosanitario-ambito-ganadero-y-o-veterinario\\\/\",\"url\":\"https:\\\/\\\/uasolucions.com\\\/es\\\/servicios\\\/industria-biocidas\\\/registro-de-biocidas-en-espana-desinfectantes-insecticidas-raticidas-de-uso-zoosanitario-ambito-ganadero-y-o-veterinario\\\/\",\"name\":\"Registro biocidas uso zoosanitario en Espa\u00f1a\",\"isPartOf\":{\"@id\":\"https:\\\/\\\/uasolucions.com\\\/es\\\/#website\"},\"datePublished\":\"2022-01-17T16:34:04+00:00\",\"dateModified\":\"2024-04-29T09:46:21+00:00\",\"description\":\"Registro de biocidas de uso zoosanitario (desinfectantes, insecticidas, raticidas) de uso en el entorno ganadero.\",\"breadcrumb\":{\"@id\":\"https:\\\/\\\/uasolucions.com\\\/es\\\/servicios\\\/industria-biocidas\\\/registro-de-biocidas-en-espana-desinfectantes-insecticidas-raticidas-de-uso-zoosanitario-ambito-ganadero-y-o-veterinario\\\/#breadcrumb\"},\"inLanguage\":\"es\",\"potentialAction\":[{\"@type\":\"ReadAction\",\"target\":[\"https:\\\/\\\/uasolucions.com\\\/es\\\/servicios\\\/industria-biocidas\\\/registro-de-biocidas-en-espana-desinfectantes-insecticidas-raticidas-de-uso-zoosanitario-ambito-ganadero-y-o-veterinario\\\/\"]}]},{\"@type\":\"BreadcrumbList\",\"@id\":\"https:\\\/\\\/uasolucions.com\\\/es\\\/servicios\\\/industria-biocidas\\\/registro-de-biocidas-en-espana-desinfectantes-insecticidas-raticidas-de-uso-zoosanitario-ambito-ganadero-y-o-veterinario\\\/#breadcrumb\",\"itemListElement\":[{\"@type\":\"ListItem\",\"position\":1,\"name\":\"Inici\",\"item\":\"https:\\\/\\\/uasolucions.com\\\/es\\\/\"},{\"@type\":\"ListItem\",\"position\":2,\"name\":\"Servicios\",\"item\":\"https:\\\/\\\/uasolucions.com\\\/es\\\/servicios\\\/\"},{\"@type\":\"ListItem\",\"position\":3,\"name\":\"Industria biocidas\",\"item\":\"https:\\\/\\\/uasolucions.com\\\/es\\\/servicios\\\/industria-biocidas\\\/\"},{\"@type\":\"ListItem\",\"position\":4,\"name\":\"Registro de Biocidas en Espa\u00f1a (desinfectantes, insecticidas, raticidas&#8230;) de uso zoosanitario (\u00e1mbito ganadero y\\\/o veterinario).\"}]},{\"@type\":\"WebSite\",\"@id\":\"https:\\\/\\\/uasolucions.com\\\/es\\\/#website\",\"url\":\"https:\\\/\\\/uasolucions.com\\\/es\\\/\",\"name\":\"UA Solucions\",\"description\":\"biocides, medical devices, biocida, producto sanitario, registro, cosm\u00e9tico, cosm\u00e9tic, cosmetic, producte sanitari, productes qu\u00edmics, chemical products, productos qu\u00edmicos, registro, licencia, antis\u00e9ptico, antis\u00e8ptic, hand sanitiser, Spain, Portugal, Espa\u00f1a, Portugal, Espanya, Uni\u00f3 Europea, European Union, Uni\u00f3n Europea\",\"publisher\":{\"@id\":\"https:\\\/\\\/uasolucions.com\\\/es\\\/#organization\"},\"potentialAction\":[{\"@type\":\"SearchAction\",\"target\":{\"@type\":\"EntryPoint\",\"urlTemplate\":\"https:\\\/\\\/uasolucions.com\\\/es\\\/?s={search_term_string}\"},\"query-input\":{\"@type\":\"PropertyValueSpecification\",\"valueRequired\":true,\"valueName\":\"search_term_string\"}}],\"inLanguage\":\"es\"},{\"@type\":\"Organization\",\"@id\":\"https:\\\/\\\/uasolucions.com\\\/es\\\/#organization\",\"name\":\"Urd\u00ed-Sol\u00e9 & Associats, S.L.\",\"url\":\"https:\\\/\\\/uasolucions.com\\\/es\\\/\",\"logo\":{\"@type\":\"ImageObject\",\"inLanguage\":\"es\",\"@id\":\"https:\\\/\\\/uasolucions.com\\\/es\\\/#\\\/schema\\\/logo\\\/image\\\/\",\"url\":\"https:\\\/\\\/uasolucions.com\\\/wp-content\\\/uploads\\\/2022\\\/03\\\/Isotip-UA.jpg\",\"contentUrl\":\"https:\\\/\\\/uasolucions.com\\\/wp-content\\\/uploads\\\/2022\\\/03\\\/Isotip-UA.jpg\",\"width\":119,\"height\":127,\"caption\":\"Urd\u00ed-Sol\u00e9 & Associats, S.L.\"},\"image\":{\"@id\":\"https:\\\/\\\/uasolucions.com\\\/es\\\/#\\\/schema\\\/logo\\\/image\\\/\"}}]}<\/script>\n<!-- \/ Yoast SEO plugin. -->","yoast_head_json":{"title":"Registro biocidas uso zoosanitario en Espa\u00f1a","description":"Registro de biocidas de uso zoosanitario (desinfectantes, insecticidas, raticidas) de uso en el entorno ganadero.","robots":{"index":"index","follow":"follow","max-snippet":"max-snippet:-1","max-image-preview":"max-image-preview:large","max-video-preview":"max-video-preview:-1"},"canonical":"https:\/\/uasolucions.com\/es\/servicios\/industria-biocidas\/registro-de-biocidas-en-espana-desinfectantes-insecticidas-raticidas-de-uso-zoosanitario-ambito-ganadero-y-o-veterinario\/","og_locale":"es_ES","og_type":"article","og_title":"Registro biocidas uso zoosanitario en Espa\u00f1a","og_description":"Registro de biocidas de uso zoosanitario (desinfectantes, insecticidas, raticidas) de uso en el entorno ganadero.","og_url":"https:\/\/uasolucions.com\/es\/servicios\/industria-biocidas\/registro-de-biocidas-en-espana-desinfectantes-insecticidas-raticidas-de-uso-zoosanitario-ambito-ganadero-y-o-veterinario\/","og_site_name":"uasolucions","article_modified_time":"2024-04-29T09:46:21+00:00","og_image":[{"width":600,"height":141,"url":"https:\/\/uasolucions.com\/wp-content\/uploads\/2021\/12\/logo_uasolution.png","type":"image\/png"}],"twitter_card":"summary_large_image","twitter_misc":{"Tiempo de lectura":"2 minutos"},"schema":{"@context":"https:\/\/schema.org","@graph":[{"@type":"WebPage","@id":"https:\/\/uasolucions.com\/es\/servicios\/industria-biocidas\/registro-de-biocidas-en-espana-desinfectantes-insecticidas-raticidas-de-uso-zoosanitario-ambito-ganadero-y-o-veterinario\/","url":"https:\/\/uasolucions.com\/es\/servicios\/industria-biocidas\/registro-de-biocidas-en-espana-desinfectantes-insecticidas-raticidas-de-uso-zoosanitario-ambito-ganadero-y-o-veterinario\/","name":"Registro biocidas uso zoosanitario en Espa\u00f1a","isPartOf":{"@id":"https:\/\/uasolucions.com\/es\/#website"},"datePublished":"2022-01-17T16:34:04+00:00","dateModified":"2024-04-29T09:46:21+00:00","description":"Registro de biocidas de uso zoosanitario (desinfectantes, insecticidas, raticidas) de uso en el entorno ganadero.","breadcrumb":{"@id":"https:\/\/uasolucions.com\/es\/servicios\/industria-biocidas\/registro-de-biocidas-en-espana-desinfectantes-insecticidas-raticidas-de-uso-zoosanitario-ambito-ganadero-y-o-veterinario\/#breadcrumb"},"inLanguage":"es","potentialAction":[{"@type":"ReadAction","target":["https:\/\/uasolucions.com\/es\/servicios\/industria-biocidas\/registro-de-biocidas-en-espana-desinfectantes-insecticidas-raticidas-de-uso-zoosanitario-ambito-ganadero-y-o-veterinario\/"]}]},{"@type":"BreadcrumbList","@id":"https:\/\/uasolucions.com\/es\/servicios\/industria-biocidas\/registro-de-biocidas-en-espana-desinfectantes-insecticidas-raticidas-de-uso-zoosanitario-ambito-ganadero-y-o-veterinario\/#breadcrumb","itemListElement":[{"@type":"ListItem","position":1,"name":"Inici","item":"https:\/\/uasolucions.com\/es\/"},{"@type":"ListItem","position":2,"name":"Servicios","item":"https:\/\/uasolucions.com\/es\/servicios\/"},{"@type":"ListItem","position":3,"name":"Industria biocidas","item":"https:\/\/uasolucions.com\/es\/servicios\/industria-biocidas\/"},{"@type":"ListItem","position":4,"name":"Registro de Biocidas en Espa\u00f1a (desinfectantes, insecticidas, raticidas&#8230;) de uso zoosanitario (\u00e1mbito ganadero y\/o veterinario)."}]},{"@type":"WebSite","@id":"https:\/\/uasolucions.com\/es\/#website","url":"https:\/\/uasolucions.com\/es\/","name":"UA Solucions","description":"biocides, medical devices, biocida, producto sanitario, registro, cosm\u00e9tico, cosm\u00e9tic, cosmetic, producte sanitari, productes qu\u00edmics, chemical products, productos qu\u00edmicos, registro, licencia, antis\u00e9ptico, antis\u00e8ptic, hand sanitiser, Spain, Portugal, Espa\u00f1a, Portugal, Espanya, Uni\u00f3 Europea, European Union, Uni\u00f3n Europea","publisher":{"@id":"https:\/\/uasolucions.com\/es\/#organization"},"potentialAction":[{"@type":"SearchAction","target":{"@type":"EntryPoint","urlTemplate":"https:\/\/uasolucions.com\/es\/?s={search_term_string}"},"query-input":{"@type":"PropertyValueSpecification","valueRequired":true,"valueName":"search_term_string"}}],"inLanguage":"es"},{"@type":"Organization","@id":"https:\/\/uasolucions.com\/es\/#organization","name":"Urd\u00ed-Sol\u00e9 & Associats, S.L.","url":"https:\/\/uasolucions.com\/es\/","logo":{"@type":"ImageObject","inLanguage":"es","@id":"https:\/\/uasolucions.com\/es\/#\/schema\/logo\/image\/","url":"https:\/\/uasolucions.com\/wp-content\/uploads\/2022\/03\/Isotip-UA.jpg","contentUrl":"https:\/\/uasolucions.com\/wp-content\/uploads\/2022\/03\/Isotip-UA.jpg","width":119,"height":127,"caption":"Urd\u00ed-Sol\u00e9 & Associats, S.L."},"image":{"@id":"https:\/\/uasolucions.com\/es\/#\/schema\/logo\/image\/"}}]}},"_links":{"self":[{"href":"https:\/\/uasolucions.com\/es\/wp-json\/wp\/v2\/pages\/4067","targetHints":{"allow":["GET"]}}],"collection":[{"href":"https:\/\/uasolucions.com\/es\/wp-json\/wp\/v2\/pages"}],"about":[{"href":"https:\/\/uasolucions.com\/es\/wp-json\/wp\/v2\/types\/page"}],"author":[{"embeddable":true,"href":"https:\/\/uasolucions.com\/es\/wp-json\/wp\/v2\/users\/31"}],"replies":[{"embeddable":true,"href":"https:\/\/uasolucions.com\/es\/wp-json\/wp\/v2\/comments?post=4067"}],"version-history":[{"count":9,"href":"https:\/\/uasolucions.com\/es\/wp-json\/wp\/v2\/pages\/4067\/revisions"}],"predecessor-version":[{"id":7157,"href":"https:\/\/uasolucions.com\/es\/wp-json\/wp\/v2\/pages\/4067\/revisions\/7157"}],"up":[{"embeddable":true,"href":"https:\/\/uasolucions.com\/es\/wp-json\/wp\/v2\/pages\/3843"}],"wp:attachment":[{"href":"https:\/\/uasolucions.com\/es\/wp-json\/wp\/v2\/media?parent=4067"}],"curies":[{"name":"wp","href":"https:\/\/api.w.org\/{rel}","templated":true}]}}