{"id":3529,"date":"2022-01-12T14:20:11","date_gmt":"2022-01-12T14:20:11","guid":{"rendered":"https:\/\/uasolucions.com\/services\/biocides-industry\/registration-of-disinfectant-products-used-in-clinical-setting\/"},"modified":"2024-05-07T14:48:10","modified_gmt":"2024-05-07T14:48:10","slug":"registration-of-disinfectant-products-used-in-clinical-setting","status":"publish","type":"page","link":"https:\/\/uasolucions.com\/en\/services\/biocides-industry\/registration-of-disinfectant-products-used-in-clinical-setting\/","title":{"rendered":"Registration of Disinfectant Products used in Clinical setting."},"content":{"rendered":"<p>[et_pb_section fb_built=&#8221;1&#8243; _builder_version=&#8221;4.13.1&#8243; _module_preset=&#8221;default&#8221; use_background_color_gradient=&#8221;on&#8221; background_color_gradient_start=&#8221;#084960&#8243; background_color_gradient_end=&#8221;rgba(117,221,217,0)&#8221; background_color_gradient_direction=&#8221;56deg&#8221; background_color_gradient_end_position=&#8221;60%&#8221; background_image=&#8221;https:\/\/uasolucions.com\/wp-content\/uploads\/2024\/05\/serv_bio_clinical_en.jpg&#8221; background_blend=&#8221;multiply&#8221; custom_margin=&#8221;160px|100px||100px|false|true&#8221; custom_margin_tablet=&#8221;80px|0px||0px|false|true&#8221; custom_margin_phone=&#8221;80px||||false|false&#8221; custom_margin_last_edited=&#8221;on|phone&#8221; custom_padding=&#8221;0px||0px||true|false&#8221; hover_enabled=&#8221;0&#8243; global_colors_info=&#8221;{}&#8221; alt=&#8221;Registration of Disinfectant Products used in Clinical setting.&#8221; title_text=&#8221;Desinfectant Clinical&#8221; sticky_enabled=&#8221;0&#8243;][et_pb_row use_custom_gutter=&#8221;on&#8221; gutter_width=&#8221;1&#8243; make_equal=&#8221;on&#8221; _builder_version=&#8221;4.13.1&#8243; _module_preset=&#8221;default&#8221; width=&#8221;100%&#8221; max_width=&#8221;90%&#8221; module_alignment=&#8221;center&#8221; height=&#8221;500px&#8221; height_tablet=&#8221;400px&#8221; height_phone=&#8221;300px&#8221; height_last_edited=&#8221;on|desktop&#8221; custom_padding=&#8221;0px||0px||true|false&#8221; custom_css_main_element=&#8221;align-items:center;&#8221; global_colors_info=&#8221;{}&#8221; custom_css_main_element_last_edited=&#8221;on|desktop&#8221; custom_css_main_element_tablet=&#8221;align-items:center;&#8221; custom_css_main_element_phone=&#8221;align-items:center;&#8221;][et_pb_column type=&#8221;4_4&#8243; _builder_version=&#8221;4.13.1&#8243; _module_preset=&#8221;default&#8221; global_colors_info=&#8221;{}&#8221;][et_pb_blurb title=&#8221;Services&#8221; image_icon_background_color=&#8221;RGBA(0,0,0,0)&#8221; image=&#8221;https:\/\/uasolucions.com\/wp-content\/uploads\/2021\/12\/heade-smbl-biocidas.png&#8221; image_icon_width=&#8221;80%&#8221; icon_alignment=&#8221;left&#8221; content_max_width=&#8221;100%&#8221; image_icon_width_tablet=&#8221;80%&#8221; image_icon_width_phone=&#8221;70%&#8221; image_icon_width_last_edited=&#8221;on|tablet&#8221; _builder_version=&#8221;4.13.1&#8243; _module_preset=&#8221;default&#8221; header_font=&#8221;Silka Light||||||||&#8221; header_text_color=&#8221;#FFFFFF&#8221; header_font_size=&#8221;25px&#8221; body_font=&#8221;Silka Light||||||||&#8221; body_text_color=&#8221;#A2EAD4&#8243; body_font_size=&#8221;45px&#8221; body_line_height=&#8221;1em&#8221; image_icon_custom_margin=&#8221;||||false|false&#8221; image_icon_custom_margin_tablet=&#8221;||||false|false&#8221; image_icon_custom_margin_phone=&#8221;||||false|false&#8221; image_icon_custom_margin_last_edited=&#8221;on|desktop&#8221; image_icon_custom_padding=&#8221;||140px||false|false&#8221; image_icon_custom_padding_tablet=&#8221;||76px||false|false&#8221; image_icon_custom_padding_phone=&#8221;||30px||false|false&#8221; image_icon_custom_padding_last_edited=&#8221;on|phone&#8221; module_alignment=&#8221;left&#8221; custom_margin=&#8221;20px||20px||true|false&#8221; custom_margin_tablet=&#8221;20px||20px||true|false&#8221; custom_margin_phone=&#8221;20px||20px||true|false&#8221; custom_margin_last_edited=&#8221;on|phone&#8221; header_font_size_tablet=&#8221;20px&#8221; header_font_size_phone=&#8221;20px&#8221; header_font_size_last_edited=&#8221;on|desktop&#8221; body_font_size_tablet=&#8221;30px&#8221; body_font_size_phone=&#8221;30px&#8221; body_font_size_last_edited=&#8221;on|desktop&#8221; global_colors_info=&#8221;{}&#8221;]<\/p>\n<p>Biocides<br \/>Industry<\/p>\n<p>[\/et_pb_blurb][\/et_pb_column][\/et_pb_row][\/et_pb_section][et_pb_section fb_built=&#8221;1&#8243; custom_padding_last_edited=&#8221;on|phone&#8221; _builder_version=&#8221;4.13.1&#8243; _module_preset=&#8221;default&#8221; custom_padding=&#8221;100px||100px||true|false&#8221; custom_padding_tablet=&#8221;40px||20px||false|false&#8221; custom_padding_phone=&#8221;20px||10px||false|false&#8221; global_colors_info=&#8221;{}&#8221;][et_pb_row use_custom_gutter=&#8221;on&#8221; make_equal=&#8221;on&#8221; _builder_version=&#8221;4.13.1&#8243; _module_preset=&#8221;default&#8221; max_width=&#8221;1440px&#8221; custom_padding=&#8221;0px||0px||true|false&#8221; global_colors_info=&#8221;{}&#8221;][et_pb_column type=&#8221;4_4&#8243; _builder_version=&#8221;4.13.1&#8243; _module_preset=&#8221;default&#8221; global_colors_info=&#8221;{}&#8221;][et_pb_text _builder_version=&#8221;4.13.1&#8243; _dynamic_attributes=&#8221;content&#8221; _module_preset=&#8221;default&#8221; text_font=&#8221;Silka Light||||||||&#8221; text_font_size=&#8221;30px&#8221; text_line_height=&#8221;1.2em&#8221; text_font_tablet=&#8221;Silka Regular||||||||&#8221; text_font_phone=&#8221;Silka Regular||||||||&#8221; text_font_last_edited=&#8221;on|tablet&#8221; text_font_size_tablet=&#8221;22px&#8221; text_font_size_phone=&#8221;16px&#8221; text_font_size_last_edited=&#8221;on|tablet&#8221; text_line_height_tablet=&#8221;1.1em&#8221; text_line_height_phone=&#8221;1.2em&#8221; text_line_height_last_edited=&#8221;on|phone&#8221; global_colors_info=&#8221;{}&#8221;]@ET-DC@eyJkeW5hbWljIjp0cnVlLCJjb250ZW50IjoicG9zdF90aXRsZSIsInNldHRpbmdzIjp7ImJlZm9yZSI6IiIsImFmdGVyIjoiIn19@[\/et_pb_text][et_pb_text _builder_version=&#8221;4.13.1&#8243; _module_preset=&#8221;default&#8221; text_font=&#8221;Silka Light||||||||&#8221; text_text_color=&#8221;#084960&#8243; text_font_size=&#8221;18px&#8221; text_font_size_tablet=&#8221;16px&#8221; text_font_size_phone=&#8221;14px&#8221; text_font_size_last_edited=&#8221;on|desktop&#8221; global_colors_info=&#8221;{}&#8221;]<\/p>\n<p>During the transitory period of application of Regulation 528\/2012, biocidal products for use as disinfectants in the clinical field must be registered in the Spanish Agency for Medicines and Medical Devices (AEMPS).<\/p>\n<p>Once the marketing authorization has been granted, the technical director must supervise the correct manufacture and marketing of the disinfectant products in the clinical field, having to personally release each of the batches that will be offered for sale in the Spanish market.<\/p>\n<p>[\/et_pb_text][\/et_pb_column][\/et_pb_row][\/et_pb_section]<\/p>\n","protected":false},"excerpt":{"rendered":"<p>BiocidesIndustryDuring the transitory period of application of Regulation 528\/2012, biocidal products for use as disinfectants in the clinical field must be registered in the Spanish Agency for Medicines and Medical Devices (AEMPS). Once the marketing authorization has been granted, the technical director must supervise the correct manufacture and marketing of the disinfectant products in the [&hellip;]<\/p>\n","protected":false},"author":31,"featured_media":0,"parent":3477,"menu_order":3110,"comment_status":"closed","ping_status":"closed","template":"","meta":{"_et_pb_use_builder":"on","_et_pb_old_content":"","_et_gb_content_width":"","footnotes":""},"class_list":["post-3529","page","type-page","status-publish","hentry"],"yoast_head":"<!-- This site is optimized with the Yoast SEO plugin v27.4 - https:\/\/yoast.com\/product\/yoast-seo-wordpress\/ -->\n<title>Registration Clinical disinfectants (hospital areas)<\/title>\n<meta name=\"description\" content=\"Registration of clinical disinfectants (hospital areas) in front of the Spanish Medical Agency.\" \/>\n<meta name=\"robots\" content=\"index, follow, max-snippet:-1, max-image-preview:large, max-video-preview:-1\" \/>\n<link rel=\"canonical\" href=\"https:\/\/uasolucions.com\/en\/services\/biocides-industry\/registration-of-disinfectant-products-used-in-clinical-setting\/\" \/>\n<meta property=\"og:locale\" content=\"en_US\" \/>\n<meta property=\"og:type\" content=\"article\" \/>\n<meta property=\"og:title\" content=\"Registration Clinical disinfectants (hospital areas)\" \/>\n<meta property=\"og:description\" content=\"Registration of clinical disinfectants (hospital areas) in front of the Spanish Medical Agency.\" \/>\n<meta property=\"og:url\" content=\"https:\/\/uasolucions.com\/en\/services\/biocides-industry\/registration-of-disinfectant-products-used-in-clinical-setting\/\" \/>\n<meta property=\"og:site_name\" content=\"uasolucions\" \/>\n<meta property=\"article:modified_time\" content=\"2024-05-07T14:48:10+00:00\" \/>\n<meta property=\"og:image\" content=\"https:\/\/uasolucions.com\/wp-content\/uploads\/2021\/12\/logo_uasolution.png\" \/>\n\t<meta property=\"og:image:width\" content=\"600\" \/>\n\t<meta property=\"og:image:height\" content=\"141\" \/>\n\t<meta property=\"og:image:type\" content=\"image\/png\" \/>\n<meta name=\"twitter:card\" content=\"summary_large_image\" \/>\n<meta name=\"twitter:label1\" content=\"Est. reading time\" \/>\n\t<meta name=\"twitter:data1\" content=\"2 minutes\" \/>\n<script type=\"application\/ld+json\" class=\"yoast-schema-graph\">{\"@context\":\"https:\\\/\\\/schema.org\",\"@graph\":[{\"@type\":\"WebPage\",\"@id\":\"https:\\\/\\\/uasolucions.com\\\/en\\\/services\\\/biocides-industry\\\/registration-of-disinfectant-products-used-in-clinical-setting\\\/\",\"url\":\"https:\\\/\\\/uasolucions.com\\\/en\\\/services\\\/biocides-industry\\\/registration-of-disinfectant-products-used-in-clinical-setting\\\/\",\"name\":\"Registration Clinical disinfectants (hospital areas)\",\"isPartOf\":{\"@id\":\"https:\\\/\\\/uasolucions.com\\\/en\\\/#website\"},\"datePublished\":\"2022-01-12T14:20:11+00:00\",\"dateModified\":\"2024-05-07T14:48:10+00:00\",\"description\":\"Registration of clinical disinfectants (hospital areas) in front of the Spanish Medical Agency.\",\"breadcrumb\":{\"@id\":\"https:\\\/\\\/uasolucions.com\\\/en\\\/services\\\/biocides-industry\\\/registration-of-disinfectant-products-used-in-clinical-setting\\\/#breadcrumb\"},\"inLanguage\":\"en-US\",\"potentialAction\":[{\"@type\":\"ReadAction\",\"target\":[\"https:\\\/\\\/uasolucions.com\\\/en\\\/services\\\/biocides-industry\\\/registration-of-disinfectant-products-used-in-clinical-setting\\\/\"]}]},{\"@type\":\"BreadcrumbList\",\"@id\":\"https:\\\/\\\/uasolucions.com\\\/en\\\/services\\\/biocides-industry\\\/registration-of-disinfectant-products-used-in-clinical-setting\\\/#breadcrumb\",\"itemListElement\":[{\"@type\":\"ListItem\",\"position\":1,\"name\":\"Inici\",\"item\":\"https:\\\/\\\/uasolucions.com\\\/en\\\/\"},{\"@type\":\"ListItem\",\"position\":2,\"name\":\"Services\",\"item\":\"https:\\\/\\\/uasolucions.com\\\/en\\\/services\\\/\"},{\"@type\":\"ListItem\",\"position\":3,\"name\":\"Biocides industry\",\"item\":\"https:\\\/\\\/uasolucions.com\\\/en\\\/services\\\/biocides-industry\\\/\"},{\"@type\":\"ListItem\",\"position\":4,\"name\":\"Registration of Disinfectant Products used in Clinical setting.\"}]},{\"@type\":\"WebSite\",\"@id\":\"https:\\\/\\\/uasolucions.com\\\/en\\\/#website\",\"url\":\"https:\\\/\\\/uasolucions.com\\\/en\\\/\",\"name\":\"UA Solucions\",\"description\":\"biocides, medical devices, biocida, producto sanitario, registro, cosm\u00e9tico, cosm\u00e9tic, cosmetic, producte sanitari, productes qu\u00edmics, chemical products, productos qu\u00edmicos, registro, licencia, antis\u00e9ptico, antis\u00e8ptic, hand sanitiser, Spain, Portugal, Espa\u00f1a, Portugal, Espanya, Uni\u00f3 Europea, European Union, Uni\u00f3n Europea\",\"publisher\":{\"@id\":\"https:\\\/\\\/uasolucions.com\\\/en\\\/#organization\"},\"potentialAction\":[{\"@type\":\"SearchAction\",\"target\":{\"@type\":\"EntryPoint\",\"urlTemplate\":\"https:\\\/\\\/uasolucions.com\\\/en\\\/?s={search_term_string}\"},\"query-input\":{\"@type\":\"PropertyValueSpecification\",\"valueRequired\":true,\"valueName\":\"search_term_string\"}}],\"inLanguage\":\"en-US\"},{\"@type\":\"Organization\",\"@id\":\"https:\\\/\\\/uasolucions.com\\\/en\\\/#organization\",\"name\":\"Urd\u00ed-Sol\u00e9 & Associats, S.L.\",\"url\":\"https:\\\/\\\/uasolucions.com\\\/en\\\/\",\"logo\":{\"@type\":\"ImageObject\",\"inLanguage\":\"en-US\",\"@id\":\"https:\\\/\\\/uasolucions.com\\\/en\\\/#\\\/schema\\\/logo\\\/image\\\/\",\"url\":\"https:\\\/\\\/uasolucions.com\\\/wp-content\\\/uploads\\\/2022\\\/03\\\/Isotip-UA.jpg\",\"contentUrl\":\"https:\\\/\\\/uasolucions.com\\\/wp-content\\\/uploads\\\/2022\\\/03\\\/Isotip-UA.jpg\",\"width\":119,\"height\":127,\"caption\":\"Urd\u00ed-Sol\u00e9 & Associats, S.L.\"},\"image\":{\"@id\":\"https:\\\/\\\/uasolucions.com\\\/en\\\/#\\\/schema\\\/logo\\\/image\\\/\"}}]}<\/script>\n<!-- \/ Yoast SEO plugin. -->","yoast_head_json":{"title":"Registration Clinical disinfectants (hospital areas)","description":"Registration of clinical disinfectants (hospital areas) in front of the Spanish Medical Agency.","robots":{"index":"index","follow":"follow","max-snippet":"max-snippet:-1","max-image-preview":"max-image-preview:large","max-video-preview":"max-video-preview:-1"},"canonical":"https:\/\/uasolucions.com\/en\/services\/biocides-industry\/registration-of-disinfectant-products-used-in-clinical-setting\/","og_locale":"en_US","og_type":"article","og_title":"Registration Clinical disinfectants (hospital areas)","og_description":"Registration of clinical disinfectants (hospital areas) in front of the Spanish Medical Agency.","og_url":"https:\/\/uasolucions.com\/en\/services\/biocides-industry\/registration-of-disinfectant-products-used-in-clinical-setting\/","og_site_name":"uasolucions","article_modified_time":"2024-05-07T14:48:10+00:00","og_image":[{"width":600,"height":141,"url":"https:\/\/uasolucions.com\/wp-content\/uploads\/2021\/12\/logo_uasolution.png","type":"image\/png"}],"twitter_card":"summary_large_image","twitter_misc":{"Est. reading time":"2 minutes"},"schema":{"@context":"https:\/\/schema.org","@graph":[{"@type":"WebPage","@id":"https:\/\/uasolucions.com\/en\/services\/biocides-industry\/registration-of-disinfectant-products-used-in-clinical-setting\/","url":"https:\/\/uasolucions.com\/en\/services\/biocides-industry\/registration-of-disinfectant-products-used-in-clinical-setting\/","name":"Registration Clinical disinfectants (hospital areas)","isPartOf":{"@id":"https:\/\/uasolucions.com\/en\/#website"},"datePublished":"2022-01-12T14:20:11+00:00","dateModified":"2024-05-07T14:48:10+00:00","description":"Registration of clinical disinfectants (hospital areas) in front of the Spanish Medical Agency.","breadcrumb":{"@id":"https:\/\/uasolucions.com\/en\/services\/biocides-industry\/registration-of-disinfectant-products-used-in-clinical-setting\/#breadcrumb"},"inLanguage":"en-US","potentialAction":[{"@type":"ReadAction","target":["https:\/\/uasolucions.com\/en\/services\/biocides-industry\/registration-of-disinfectant-products-used-in-clinical-setting\/"]}]},{"@type":"BreadcrumbList","@id":"https:\/\/uasolucions.com\/en\/services\/biocides-industry\/registration-of-disinfectant-products-used-in-clinical-setting\/#breadcrumb","itemListElement":[{"@type":"ListItem","position":1,"name":"Inici","item":"https:\/\/uasolucions.com\/en\/"},{"@type":"ListItem","position":2,"name":"Services","item":"https:\/\/uasolucions.com\/en\/services\/"},{"@type":"ListItem","position":3,"name":"Biocides industry","item":"https:\/\/uasolucions.com\/en\/services\/biocides-industry\/"},{"@type":"ListItem","position":4,"name":"Registration of Disinfectant Products used in Clinical setting."}]},{"@type":"WebSite","@id":"https:\/\/uasolucions.com\/en\/#website","url":"https:\/\/uasolucions.com\/en\/","name":"UA Solucions","description":"biocides, medical devices, biocida, producto sanitario, registro, cosm\u00e9tico, cosm\u00e9tic, cosmetic, producte sanitari, productes qu\u00edmics, chemical products, productos qu\u00edmicos, registro, licencia, antis\u00e9ptico, antis\u00e8ptic, hand sanitiser, Spain, Portugal, Espa\u00f1a, Portugal, Espanya, Uni\u00f3 Europea, European Union, Uni\u00f3n Europea","publisher":{"@id":"https:\/\/uasolucions.com\/en\/#organization"},"potentialAction":[{"@type":"SearchAction","target":{"@type":"EntryPoint","urlTemplate":"https:\/\/uasolucions.com\/en\/?s={search_term_string}"},"query-input":{"@type":"PropertyValueSpecification","valueRequired":true,"valueName":"search_term_string"}}],"inLanguage":"en-US"},{"@type":"Organization","@id":"https:\/\/uasolucions.com\/en\/#organization","name":"Urd\u00ed-Sol\u00e9 & Associats, S.L.","url":"https:\/\/uasolucions.com\/en\/","logo":{"@type":"ImageObject","inLanguage":"en-US","@id":"https:\/\/uasolucions.com\/en\/#\/schema\/logo\/image\/","url":"https:\/\/uasolucions.com\/wp-content\/uploads\/2022\/03\/Isotip-UA.jpg","contentUrl":"https:\/\/uasolucions.com\/wp-content\/uploads\/2022\/03\/Isotip-UA.jpg","width":119,"height":127,"caption":"Urd\u00ed-Sol\u00e9 & Associats, S.L."},"image":{"@id":"https:\/\/uasolucions.com\/en\/#\/schema\/logo\/image\/"}}]}},"_links":{"self":[{"href":"https:\/\/uasolucions.com\/en\/wp-json\/wp\/v2\/pages\/3529","targetHints":{"allow":["GET"]}}],"collection":[{"href":"https:\/\/uasolucions.com\/en\/wp-json\/wp\/v2\/pages"}],"about":[{"href":"https:\/\/uasolucions.com\/en\/wp-json\/wp\/v2\/types\/page"}],"author":[{"embeddable":true,"href":"https:\/\/uasolucions.com\/en\/wp-json\/wp\/v2\/users\/31"}],"replies":[{"embeddable":true,"href":"https:\/\/uasolucions.com\/en\/wp-json\/wp\/v2\/comments?post=3529"}],"version-history":[{"count":9,"href":"https:\/\/uasolucions.com\/en\/wp-json\/wp\/v2\/pages\/3529\/revisions"}],"predecessor-version":[{"id":7365,"href":"https:\/\/uasolucions.com\/en\/wp-json\/wp\/v2\/pages\/3529\/revisions\/7365"}],"up":[{"embeddable":true,"href":"https:\/\/uasolucions.com\/en\/wp-json\/wp\/v2\/pages\/3477"}],"wp:attachment":[{"href":"https:\/\/uasolucions.com\/en\/wp-json\/wp\/v2\/media?parent=3529"}],"curies":[{"name":"wp","href":"https:\/\/api.w.org\/{rel}","templated":true}]}}